{"id":153,"date":"2024-11-12T12:44:39","date_gmt":"2024-11-12T12:44:39","guid":{"rendered":"https:\/\/jeanrioux.net\/bellemareart\/?page_id=153"},"modified":"2026-03-30T22:27:17","modified_gmt":"2026-03-30T22:27:17","slug":"installation","status":"publish","type":"page","link":"https:\/\/www.bellemareart.com\/fr\/installation\/","title":{"rendered":"Installation"},"content":{"rendered":"<p>[et_pb_section fb_built=\u00a0\u00bb1&Prime; _builder_version=\u00a0\u00bb4.27.4&Prime; _module_preset=\u00a0\u00bbdefault\u00a0\u00bb width=\u00a0\u00bb100%\u00a0\u00bb custom_padding=\u00a0\u00bb0px|||||\u00a0\u00bb global_colors_info=\u00a0\u00bb{}\u00a0\u00bb][et_pb_row _builder_version=\u00a0\u00bb4.27.4&Prime; _module_preset=\u00a0\u00bbdefault\u00a0\u00bb background_image=\u00a0\u00bbhttps:\/\/www.bellemareart.com\/wp-content\/uploads\/2024\/12\/parallax-3.jpg\u00a0\u00bb parallax=\u00a0\u00bbon\u00a0\u00bb width=\u00a0\u00bb100%\u00a0\u00bb max_width=\u00a0\u00bbnone\u00a0\u00bb height=\u00a0\u00bb600px\u00a0\u00bb global_colors_info=\u00a0\u00bb{}\u00a0\u00bb][et_pb_column type=\u00a0\u00bb4_4&Prime; _builder_version=\u00a0\u00bb4.27.4&Prime; _module_preset=\u00a0\u00bbdefault\u00a0\u00bb global_colors_info=\u00a0\u00bb{}\u00a0\u00bb][\/et_pb_column][\/et_pb_row][et_pb_row column_structure=\u00a0\u00bb1_2,1_2&Prime; _builder_version=\u00a0\u00bb4.27.4&Prime; _module_preset=\u00a0\u00bbdefault\u00a0\u00bb background_color=\u00a0\u00bb#efefef\u00a0\u00bb width=\u00a0\u00bb100%\u00a0\u00bb max_width=\u00a0\u00bbnone\u00a0\u00bb custom_margin=\u00a0\u00bb-36px|auto||auto|false|false\u00a0\u00bb custom_padding=\u00a0\u00bb|50px|10px|50px|false|false\u00a0\u00bb global_colors_info=\u00a0\u00bb{}\u00a0\u00bb][et_pb_column type=\u00a0\u00bb1_2&Prime; _builder_version=\u00a0\u00bb4.27.4&Prime; _module_preset=\u00a0\u00bbdefault\u00a0\u00bb global_colors_info=\u00a0\u00bb{}\u00a0\u00bb][et_pb_text _builder_version=\u00a0\u00bb4.27.4&Prime; _module_preset=\u00a0\u00bbdefault\u00a0\u00bb background_enable_color=\u00a0\u00bboff\u00a0\u00bb custom_margin=\u00a0\u00bb-12px|||||\u00a0\u00bb global_colors_info=\u00a0\u00bb{}\u00a0\u00bb][\/et_pb_text][\/et_pb_column][et_pb_column type=\u00a0\u00bb1_2&Prime; _builder_version=\u00a0\u00bb4.27.4&Prime; _module_preset=\u00a0\u00bbdefault\u00a0\u00bb global_colors_info=\u00a0\u00bb{}\u00a0\u00bb][et_pb_text _builder_version=\u00a0\u00bb4.27.4&Prime; _module_preset=\u00a0\u00bbdefault\u00a0\u00bb custom_margin=\u00a0\u00bb-6px|||||\u00a0\u00bb global_colors_info=\u00a0\u00bb{}\u00a0\u00bb]<\/p>\n<p style=\"text-align: right;\">Installations &#8211; Artiste peintre abstrait<\/p>\n<p>[\/et_pb_text][\/et_pb_column][\/et_pb_row][et_pb_row _builder_version=\u00a0\u00bb4.27.4&Prime; _module_preset=\u00a0\u00bbdefault\u00a0\u00bb width=\u00a0\u00bb60%\u00a0\u00bb width_tablet=\u00a0\u00bb85%\u00a0\u00bb width_phone=\u00a0\u00bb85%\u00a0\u00bb width_last_edited=\u00a0\u00bbon|tablet\u00a0\u00bb max_width=\u00a0\u00bbnone\u00a0\u00bb module_alignment=\u00a0\u00bbcenter\u00a0\u00bb global_colors_info=\u00a0\u00bb{}\u00a0\u00bb][et_pb_column type=\u00a0\u00bb4_4&Prime; _builder_version=\u00a0\u00bb4.27.4&Prime; _module_preset=\u00a0\u00bbdefault\u00a0\u00bb global_colors_info=\u00a0\u00bb{}\u00a0\u00bb][et_pb_text _builder_version=\u00a0\u00bb4.27.4&Prime; _module_preset=\u00a0\u00bbdefault\u00a0\u00bb text_font=\u00a0\u00bbCourgette||||||||\u00a0\u00bb text_font_size=\u00a0\u00bb25px\u00a0\u00bb global_colors_info=\u00a0\u00bb{}\u00a0\u00bb]<\/p>\n<p class=\"custom-quote\">Visualisez les oeuvres de Pierre Bellemare dans diff\u00e9rents environnements!<\/p>\n<p>[\/et_pb_text][et_pb_text _builder_version=\u00a0\u00bb4.27.4&Prime; _module_preset=\u00a0\u00bbdefault\u00a0\u00bb text_font=\u00a0\u00bbLato||||||||\u00a0\u00bb global_colors_info=\u00a0\u00bb{}\u00a0\u00bb]<\/p>\n<p><span>Par l&rsquo;\u00e9nergie qu&rsquo;elles d\u00e9gagent, les oeuvres de Pierre Bellemare dynamisent l&rsquo;environnement dans lequel elle sont mises en valeur. Que ce soit \u00e0 votre r\u00e9sidence ou lieu d&rsquo;affaires, voyez ci-dessous, quelques impacts qu&rsquo;ont les oeuvres de Pierre Bellemare sur leur environnement.<\/span><\/p>\n<p>[\/et_pb_text][et_pb_slider _builder_version=\u00a0\u00bb4.27.5&Prime; _module_preset=\u00a0\u00bbdefault\u00a0\u00bb min_height=\u00a0\u00bb40vw\u00a0\u00bb min_height_tablet=\u00a0\u00bb60vw\u00a0\u00bb min_height_phone=\u00a0\u00bb60vw\u00a0\u00bb min_height_last_edited=\u00a0\u00bbon|tablet\u00a0\u00bb auto=\u00a0\u00bbon\u00a0\u00bb auto_speed=\u00a0\u00bb5000&Prime; hover_enabled=\u00a0\u00bb0&Prime; global_colors_info=\u00a0\u00bb{}\u00a0\u00bb sticky_enabled=\u00a0\u00bb0&Prime;][et_pb_slide _builder_version=\u00a0\u00bb4.27.5&Prime; _module_preset=\u00a0\u00bbdefault\u00a0\u00bb background_enable_color=\u00a0\u00bboff\u00a0\u00bb background_image=\u00a0\u00bbhttps:\/\/www.bellemareart.com\/wp-content\/uploads\/2026\/03\/Appart-2-INSTALLATION.jpg\u00a0\u00bb background_enable_image=\u00a0\u00bbon\u00a0\u00bb global_colors_info=\u00a0\u00bb{}\u00a0\u00bb sticky_transition=\u00a0\u00bbon\u00a0\u00bb][\/et_pb_slide][et_pb_slide _builder_version=\u00a0\u00bb4.27.5&Prime; _module_preset=\u00a0\u00bbdefault\u00a0\u00bb background_enable_color=\u00a0\u00bboff\u00a0\u00bb background_image=\u00a0\u00bbhttps:\/\/www.bellemareart.com\/wp-content\/uploads\/2026\/03\/Appart-3-INSTALLATION.jpg\u00a0\u00bb background_enable_image=\u00a0\u00bbon\u00a0\u00bb global_colors_info=\u00a0\u00bb{}\u00a0\u00bb sticky_transition=\u00a0\u00bbon\u00a0\u00bb][\/et_pb_slide][et_pb_slide _builder_version=\u00a0\u00bb4.27.5&Prime; _module_preset=\u00a0\u00bbdefault\u00a0\u00bb background_enable_color=\u00a0\u00bboff\u00a0\u00bb background_image=\u00a0\u00bbhttps:\/\/www.bellemareart.com\/wp-content\/uploads\/2026\/03\/Floride-INSTALLATION.jpg\u00a0\u00bb background_enable_image=\u00a0\u00bbon\u00a0\u00bb hover_enabled=\u00a0\u00bb0&Prime; global_colors_info=\u00a0\u00bb{}\u00a0\u00bb sticky_transition=\u00a0\u00bbon\u00a0\u00bb sticky_enabled=\u00a0\u00bb0&Prime;][\/et_pb_slide][et_pb_slide _builder_version=\u00a0\u00bb4.27.5&Prime; _module_preset=\u00a0\u00bbdefault\u00a0\u00bb background_enable_color=\u00a0\u00bboff\u00a0\u00bb background_image=\u00a0\u00bbhttps:\/\/www.bellemareart.com\/wp-content\/uploads\/2024\/12\/1-1.jpg\u00a0\u00bb background_enable_image=\u00a0\u00bbon\u00a0\u00bb global_colors_info=\u00a0\u00bb{}\u00a0\u00bb sticky_transition=\u00a0\u00bbon\u00a0\u00bb][\/et_pb_slide][et_pb_slide _builder_version=\u00a0\u00bb4.27.5&Prime; _module_preset=\u00a0\u00bbdefault\u00a0\u00bb background_enable_color=\u00a0\u00bboff\u00a0\u00bb background_image=\u00a0\u00bbhttps:\/\/www.bellemareart.com\/wp-content\/uploads\/2024\/12\/2-1.jpg\u00a0\u00bb background_enable_image=\u00a0\u00bbon\u00a0\u00bb global_colors_info=\u00a0\u00bb{}\u00a0\u00bb sticky_transition=\u00a0\u00bbon\u00a0\u00bb][\/et_pb_slide][et_pb_slide _builder_version=\u00a0\u00bb4.27.5&Prime; _module_preset=\u00a0\u00bbdefault\u00a0\u00bb background_enable_color=\u00a0\u00bboff\u00a0\u00bb background_image=\u00a0\u00bbhttps:\/\/www.bellemareart.com\/wp-content\/uploads\/2024\/12\/4-1.jpg\u00a0\u00bb background_enable_image=\u00a0\u00bbon\u00a0\u00bb global_colors_info=\u00a0\u00bb{}\u00a0\u00bb sticky_transition=\u00a0\u00bbon\u00a0\u00bb][\/et_pb_slide][et_pb_slide _builder_version=\u00a0\u00bb4.27.5&Prime; _module_preset=\u00a0\u00bbdefault\u00a0\u00bb background_enable_color=\u00a0\u00bboff\u00a0\u00bb background_image=\u00a0\u00bbhttps:\/\/www.bellemareart.com\/wp-content\/uploads\/2024\/12\/5-1.jpg\u00a0\u00bb background_enable_image=\u00a0\u00bbon\u00a0\u00bb global_colors_info=\u00a0\u00bb{}\u00a0\u00bb sticky_transition=\u00a0\u00bbon\u00a0\u00bb][\/et_pb_slide][et_pb_slide _builder_version=\u00a0\u00bb4.27.5&Prime; _module_preset=\u00a0\u00bbdefault\u00a0\u00bb background_enable_color=\u00a0\u00bboff\u00a0\u00bb background_image=\u00a0\u00bbhttps:\/\/www.bellemareart.com\/wp-content\/uploads\/2024\/12\/6-1.jpg\u00a0\u00bb background_enable_image=\u00a0\u00bbon\u00a0\u00bb global_colors_info=\u00a0\u00bb{}\u00a0\u00bb sticky_transition=\u00a0\u00bbon\u00a0\u00bb][\/et_pb_slide][et_pb_slide _builder_version=\u00a0\u00bb4.27.5&Prime; _module_preset=\u00a0\u00bbdefault\u00a0\u00bb background_enable_color=\u00a0\u00bboff\u00a0\u00bb background_image=\u00a0\u00bbhttps:\/\/www.bellemareart.com\/wp-content\/uploads\/2024\/12\/8-1.jpg\u00a0\u00bb background_enable_image=\u00a0\u00bbon\u00a0\u00bb global_colors_info=\u00a0\u00bb{}\u00a0\u00bb sticky_transition=\u00a0\u00bbon\u00a0\u00bb][\/et_pb_slide][et_pb_slide _builder_version=\u00a0\u00bb4.27.5&Prime; _module_preset=\u00a0\u00bbdefault\u00a0\u00bb background_enable_color=\u00a0\u00bboff\u00a0\u00bb background_image=\u00a0\u00bbhttps:\/\/www.bellemareart.com\/wp-content\/uploads\/2024\/12\/9-1.jpg\u00a0\u00bb background_enable_image=\u00a0\u00bbon\u00a0\u00bb global_colors_info=\u00a0\u00bb{}\u00a0\u00bb sticky_transition=\u00a0\u00bbon\u00a0\u00bb][\/et_pb_slide][et_pb_slide _builder_version=\u00a0\u00bb4.27.5&Prime; _module_preset=\u00a0\u00bbdefault\u00a0\u00bb background_enable_color=\u00a0\u00bboff\u00a0\u00bb background_image=\u00a0\u00bbhttps:\/\/www.bellemareart.com\/wp-content\/uploads\/2024\/12\/10-1.jpg\u00a0\u00bb background_enable_image=\u00a0\u00bbon\u00a0\u00bb global_colors_info=\u00a0\u00bb{}\u00a0\u00bb sticky_transition=\u00a0\u00bbon\u00a0\u00bb][\/et_pb_slide][et_pb_slide _builder_version=\u00a0\u00bb4.27.5&Prime; _module_preset=\u00a0\u00bbdefault\u00a0\u00bb background_enable_color=\u00a0\u00bboff\u00a0\u00bb background_image=\u00a0\u00bbhttps:\/\/www.bellemareart.com\/wp-content\/uploads\/2024\/12\/12.jpg\u00a0\u00bb background_enable_image=\u00a0\u00bbon\u00a0\u00bb global_colors_info=\u00a0\u00bb{}\u00a0\u00bb sticky_transition=\u00a0\u00bbon\u00a0\u00bb][\/et_pb_slide][et_pb_slide _builder_version=\u00a0\u00bb4.27.5&Prime; _module_preset=\u00a0\u00bbdefault\u00a0\u00bb background_enable_color=\u00a0\u00bboff\u00a0\u00bb background_image=\u00a0\u00bbhttps:\/\/www.bellemareart.com\/wp-content\/uploads\/2024\/12\/13.jpg\u00a0\u00bb background_enable_image=\u00a0\u00bbon\u00a0\u00bb global_colors_info=\u00a0\u00bb{}\u00a0\u00bb sticky_transition=\u00a0\u00bbon\u00a0\u00bb][\/et_pb_slide][et_pb_slide _builder_version=\u00a0\u00bb4.27.5&Prime; _module_preset=\u00a0\u00bbdefault\u00a0\u00bb background_enable_color=\u00a0\u00bboff\u00a0\u00bb background_image=\u00a0\u00bbhttps:\/\/www.bellemareart.com\/wp-content\/uploads\/2024\/12\/14.jpg\u00a0\u00bb background_enable_image=\u00a0\u00bbon\u00a0\u00bb global_colors_info=\u00a0\u00bb{}\u00a0\u00bb sticky_transition=\u00a0\u00bbon\u00a0\u00bb][\/et_pb_slide][et_pb_slide _builder_version=\u00a0\u00bb4.27.5&Prime; _module_preset=\u00a0\u00bbdefault\u00a0\u00bb background_enable_color=\u00a0\u00bboff\u00a0\u00bb background_image=\u00a0\u00bbhttps:\/\/www.bellemareart.com\/wp-content\/uploads\/2024\/12\/16.jpg\u00a0\u00bb background_enable_image=\u00a0\u00bbon\u00a0\u00bb global_colors_info=\u00a0\u00bb{}\u00a0\u00bb sticky_transition=\u00a0\u00bbon\u00a0\u00bb][\/et_pb_slide][et_pb_slide _builder_version=\u00a0\u00bb4.27.5&Prime; _module_preset=\u00a0\u00bbdefault\u00a0\u00bb background_enable_color=\u00a0\u00bboff\u00a0\u00bb background_image=\u00a0\u00bbhttps:\/\/www.bellemareart.com\/wp-content\/uploads\/2024\/12\/18.jpg\u00a0\u00bb background_enable_image=\u00a0\u00bbon\u00a0\u00bb global_colors_info=\u00a0\u00bb{}\u00a0\u00bb sticky_transition=\u00a0\u00bbon\u00a0\u00bb][\/et_pb_slide][et_pb_slide _builder_version=\u00a0\u00bb4.27.4&Prime; _module_preset=\u00a0\u00bbdefault\u00a0\u00bb background_enable_color=\u00a0\u00bboff\u00a0\u00bb background_image=\u00a0\u00bbhttps:\/\/www.bellemareart.com\/wp-content\/uploads\/2024\/12\/19.jpg\u00a0\u00bb background_enable_image=\u00a0\u00bbon\u00a0\u00bb global_colors_info=\u00a0\u00bb{}\u00a0\u00bb sticky_transition=\u00a0\u00bbon\u00a0\u00bb][\/et_pb_slide][et_pb_slide _builder_version=\u00a0\u00bb4.27.5&Prime; _module_preset=\u00a0\u00bbdefault\u00a0\u00bb background_enable_color=\u00a0\u00bboff\u00a0\u00bb background_image=\u00a0\u00bbhttps:\/\/www.bellemareart.com\/wp-content\/uploads\/2024\/12\/20.jpg\u00a0\u00bb background_enable_image=\u00a0\u00bbon\u00a0\u00bb hover_enabled=\u00a0\u00bb0&Prime; global_colors_info=\u00a0\u00bb{}\u00a0\u00bb sticky_transition=\u00a0\u00bbon\u00a0\u00bb sticky_enabled=\u00a0\u00bb0&Prime;][\/et_pb_slide][et_pb_slide _builder_version=\u00a0\u00bb4.27.5&Prime; _module_preset=\u00a0\u00bbdefault\u00a0\u00bb background_enable_color=\u00a0\u00bboff\u00a0\u00bb background_image=\u00a0\u00bbhttps:\/\/www.bellemareart.com\/wp-content\/uploads\/2026\/03\/Appart-4-INSTALLATION.jpg\u00a0\u00bb background_enable_image=\u00a0\u00bbon\u00a0\u00bb hover_enabled=\u00a0\u00bb0&Prime; global_colors_info=\u00a0\u00bb{}\u00a0\u00bb sticky_transition=\u00a0\u00bbon\u00a0\u00bb sticky_enabled=\u00a0\u00bb0&Prime;][\/et_pb_slide][et_pb_slide _builder_version=\u00a0\u00bb4.27.5&Prime; _module_preset=\u00a0\u00bbdefault\u00a0\u00bb background_enable_color=\u00a0\u00bboff\u00a0\u00bb background_image=\u00a0\u00bbhttps:\/\/www.bellemareart.com\/wp-content\/uploads\/2026\/03\/MCB-INSTALLATION.jpg\u00a0\u00bb background_enable_image=\u00a0\u00bbon\u00a0\u00bb hover_enabled=\u00a0\u00bb0&Prime; global_colors_info=\u00a0\u00bb{}\u00a0\u00bb sticky_transition=\u00a0\u00bbon\u00a0\u00bb sticky_enabled=\u00a0\u00bb0&Prime;][\/et_pb_slide][et_pb_slide _builder_version=\u00a0\u00bb4.27.5&Prime; _module_preset=\u00a0\u00bbdefault\u00a0\u00bb background_enable_color=\u00a0\u00bboff\u00a0\u00bb background_image=\u00a0\u00bbhttps:\/\/www.bellemareart.com\/wp-content\/uploads\/2026\/03\/Appart-INSTALLATION.jpg\u00a0\u00bb background_enable_image=\u00a0\u00bbon\u00a0\u00bb hover_enabled=\u00a0\u00bb0&Prime; global_colors_info=\u00a0\u00bb{}\u00a0\u00bb sticky_transition=\u00a0\u00bbon\u00a0\u00bb sticky_enabled=\u00a0\u00bb0&Prime;][\/et_pb_slide][et_pb_slide _builder_version=\u00a0\u00bb4.27.5&Prime; _module_preset=\u00a0\u00bbdefault\u00a0\u00bb background_enable_color=\u00a0\u00bboff\u00a0\u00bb background_image=\u00a0\u00bbhttps:\/\/www.bellemareart.com\/wp-content\/uploads\/2026\/03\/Appart-5-INSTALLATION.jpg\u00a0\u00bb background_enable_image=\u00a0\u00bbon\u00a0\u00bb hover_enabled=\u00a0\u00bb0&Prime; global_colors_info=\u00a0\u00bb{}\u00a0\u00bb sticky_transition=\u00a0\u00bbon\u00a0\u00bb sticky_enabled=\u00a0\u00bb0&Prime;][\/et_pb_slide][\/et_pb_slider][\/et_pb_column][\/et_pb_row][\/et_pb_section]<\/p>\n","protected":false},"excerpt":{"rendered":"<p>Installations &#8211; Artiste peintre abstraitVisualisez les oeuvres de Pierre Bellemare dans diff\u00e9rents environnements!Par l&rsquo;\u00e9nergie qu&rsquo;elles d\u00e9gagent, les oeuvres de Pierre Bellemare dynamisent l&rsquo;environnement dans lequel elle sont mises en valeur. Que ce soit \u00e0 votre r\u00e9sidence ou lieu d&rsquo;affaires, voyez ci-dessous, quelques impacts qu&rsquo;ont les oeuvres de Pierre Bellemare sur leur environnement.<\/p>\n","protected":false},"author":1,"featured_media":0,"parent":0,"menu_order":0,"comment_status":"closed","ping_status":"closed","template":"","meta":{"_et_pb_use_builder":"on","_et_pb_old_content":"","_et_gb_content_width":"","footnotes":""},"class_list":["post-153","page","type-page","status-publish","hentry"],"yoast_head":"<!-- This site is optimized with the Yoast SEO plugin v27.0 - https:\/\/yoast.com\/product\/yoast-seo-wordpress\/ -->\n<title>Installation - Pierre Bellemare<\/title>\n<meta name=\"robots\" content=\"index, follow, max-snippet:-1, max-image-preview:large, max-video-preview:-1\" \/>\n<link rel=\"canonical\" href=\"https:\/\/www.bellemareart.com\/installation\/\" \/>\n<meta property=\"og:locale\" content=\"fr_FR\" \/>\n<meta property=\"og:type\" content=\"article\" \/>\n<meta property=\"og:title\" content=\"Installation - Pierre Bellemare\" \/>\n<meta property=\"og:description\" content=\"Installations - Artiste peintre abstraitVisualisez les oeuvres de Pierre Bellemare dans diff\u00e9rents environnements!Par l&#039;\u00e9nergie qu&#039;elles d\u00e9gagent, les oeuvres de Pierre Bellemare dynamisent l&#039;environnement dans lequel elle sont mises en valeur. Que ce soit \u00e0 votre r\u00e9sidence ou lieu d&#039;affaires, voyez ci-dessous, quelques impacts qu&#039;ont les oeuvres de Pierre Bellemare sur leur environnement.\" \/>\n<meta property=\"og:url\" content=\"https:\/\/www.bellemareart.com\/installation\/\" \/>\n<meta property=\"og:site_name\" content=\"Pierre Bellemare\" \/>\n<meta property=\"article:modified_time\" content=\"2026-03-30T22:27:17+00:00\" \/>\n<meta name=\"twitter:card\" content=\"summary_large_image\" \/>\n<meta name=\"twitter:label1\" content=\"Dur\u00e9e de lecture estim\u00e9e\" \/>\n\t<meta name=\"twitter:data1\" content=\"6 minutes\" \/>\n<script type=\"application\/ld+json\" class=\"yoast-schema-graph\">{\"@context\":\"https:\/\/schema.org\",\"@graph\":[{\"@type\":\"WebPage\",\"@id\":\"https:\/\/www.bellemareart.com\/installation\/\",\"url\":\"https:\/\/www.bellemareart.com\/installation\/\",\"name\":\"Installation - Pierre Bellemare\",\"isPartOf\":{\"@id\":\"https:\/\/www.bellemareart.com\/#website\"},\"datePublished\":\"2024-11-12T12:44:39+00:00\",\"dateModified\":\"2026-03-30T22:27:17+00:00\",\"breadcrumb\":{\"@id\":\"https:\/\/www.bellemareart.com\/installation\/#breadcrumb\"},\"inLanguage\":\"fr-FR\",\"potentialAction\":[{\"@type\":\"ReadAction\",\"target\":[\"https:\/\/www.bellemareart.com\/installation\/\"]}]},{\"@type\":\"BreadcrumbList\",\"@id\":\"https:\/\/www.bellemareart.com\/installation\/#breadcrumb\",\"itemListElement\":[{\"@type\":\"ListItem\",\"position\":1,\"name\":\"Home\",\"item\":\"https:\/\/www.bellemareart.com\/\"},{\"@type\":\"ListItem\",\"position\":2,\"name\":\"Installation\"}]},{\"@type\":\"WebSite\",\"@id\":\"https:\/\/www.bellemareart.com\/#website\",\"url\":\"https:\/\/www.bellemareart.com\/\",\"name\":\"Pierre Bellemare - Art Abstrait\",\"description\":\"Artiste peintre\",\"publisher\":{\"@id\":\"https:\/\/www.bellemareart.com\/#\/schema\/person\/52edad8d7db1bc3e7bab550ad97ef6f1\"},\"potentialAction\":[{\"@type\":\"SearchAction\",\"target\":{\"@type\":\"EntryPoint\",\"urlTemplate\":\"https:\/\/www.bellemareart.com\/?s={search_term_string}\"},\"query-input\":{\"@type\":\"PropertyValueSpecification\",\"valueRequired\":true,\"valueName\":\"search_term_string\"}}],\"inLanguage\":\"fr-FR\"},{\"@type\":[\"Person\",\"Organization\"],\"@id\":\"https:\/\/www.bellemareart.com\/#\/schema\/person\/52edad8d7db1bc3e7bab550ad97ef6f1\",\"name\":\"Pierre Bellemare\",\"image\":{\"@type\":\"ImageObject\",\"inLanguage\":\"fr-FR\",\"@id\":\"https:\/\/www.bellemareart.com\/#\/schema\/person\/image\/\",\"url\":\"https:\/\/www.bellemareart.com\/wp-content\/uploads\/2024\/12\/photo-contact.jpg\",\"contentUrl\":\"https:\/\/www.bellemareart.com\/wp-content\/uploads\/2024\/12\/photo-contact.jpg\",\"width\":750,\"height\":1000,\"caption\":\"Pierre Bellemare\"},\"logo\":{\"@id\":\"https:\/\/www.bellemareart.com\/#\/schema\/person\/image\/\"},\"sameAs\":[\"https:\/\/www.instagram.com\/bellemare_art\/\"]}]}<\/script>\n<!-- \/ Yoast SEO plugin. -->","yoast_head_json":{"title":"Installation - Pierre Bellemare","robots":{"index":"index","follow":"follow","max-snippet":"max-snippet:-1","max-image-preview":"max-image-preview:large","max-video-preview":"max-video-preview:-1"},"canonical":"https:\/\/www.bellemareart.com\/installation\/","og_locale":"fr_FR","og_type":"article","og_title":"Installation - Pierre Bellemare","og_description":"Installations - Artiste peintre abstraitVisualisez les oeuvres de Pierre Bellemare dans diff\u00e9rents environnements!Par l'\u00e9nergie qu'elles d\u00e9gagent, les oeuvres de Pierre Bellemare dynamisent l'environnement dans lequel elle sont mises en valeur. Que ce soit \u00e0 votre r\u00e9sidence ou lieu d'affaires, voyez ci-dessous, quelques impacts qu'ont les oeuvres de Pierre Bellemare sur leur environnement.","og_url":"https:\/\/www.bellemareart.com\/installation\/","og_site_name":"Pierre Bellemare","article_modified_time":"2026-03-30T22:27:17+00:00","twitter_card":"summary_large_image","twitter_misc":{"Dur\u00e9e de lecture estim\u00e9e":"6 minutes"},"schema":{"@context":"https:\/\/schema.org","@graph":[{"@type":"WebPage","@id":"https:\/\/www.bellemareart.com\/installation\/","url":"https:\/\/www.bellemareart.com\/installation\/","name":"Installation - Pierre Bellemare","isPartOf":{"@id":"https:\/\/www.bellemareart.com\/#website"},"datePublished":"2024-11-12T12:44:39+00:00","dateModified":"2026-03-30T22:27:17+00:00","breadcrumb":{"@id":"https:\/\/www.bellemareart.com\/installation\/#breadcrumb"},"inLanguage":"fr-FR","potentialAction":[{"@type":"ReadAction","target":["https:\/\/www.bellemareart.com\/installation\/"]}]},{"@type":"BreadcrumbList","@id":"https:\/\/www.bellemareart.com\/installation\/#breadcrumb","itemListElement":[{"@type":"ListItem","position":1,"name":"Home","item":"https:\/\/www.bellemareart.com\/"},{"@type":"ListItem","position":2,"name":"Installation"}]},{"@type":"WebSite","@id":"https:\/\/www.bellemareart.com\/#website","url":"https:\/\/www.bellemareart.com\/","name":"Pierre Bellemare - Art Abstrait","description":"Artiste peintre","publisher":{"@id":"https:\/\/www.bellemareart.com\/#\/schema\/person\/52edad8d7db1bc3e7bab550ad97ef6f1"},"potentialAction":[{"@type":"SearchAction","target":{"@type":"EntryPoint","urlTemplate":"https:\/\/www.bellemareart.com\/?s={search_term_string}"},"query-input":{"@type":"PropertyValueSpecification","valueRequired":true,"valueName":"search_term_string"}}],"inLanguage":"fr-FR"},{"@type":["Person","Organization"],"@id":"https:\/\/www.bellemareart.com\/#\/schema\/person\/52edad8d7db1bc3e7bab550ad97ef6f1","name":"Pierre Bellemare","image":{"@type":"ImageObject","inLanguage":"fr-FR","@id":"https:\/\/www.bellemareart.com\/#\/schema\/person\/image\/","url":"https:\/\/www.bellemareart.com\/wp-content\/uploads\/2024\/12\/photo-contact.jpg","contentUrl":"https:\/\/www.bellemareart.com\/wp-content\/uploads\/2024\/12\/photo-contact.jpg","width":750,"height":1000,"caption":"Pierre Bellemare"},"logo":{"@id":"https:\/\/www.bellemareart.com\/#\/schema\/person\/image\/"},"sameAs":["https:\/\/www.instagram.com\/bellemare_art\/"]}]}},"_links":{"self":[{"href":"https:\/\/www.bellemareart.com\/fr\/wp-json\/wp\/v2\/pages\/153","targetHints":{"allow":["GET"]}}],"collection":[{"href":"https:\/\/www.bellemareart.com\/fr\/wp-json\/wp\/v2\/pages"}],"about":[{"href":"https:\/\/www.bellemareart.com\/fr\/wp-json\/wp\/v2\/types\/page"}],"author":[{"embeddable":true,"href":"https:\/\/www.bellemareart.com\/fr\/wp-json\/wp\/v2\/users\/1"}],"replies":[{"embeddable":true,"href":"https:\/\/www.bellemareart.com\/fr\/wp-json\/wp\/v2\/comments?post=153"}],"version-history":[{"count":16,"href":"https:\/\/www.bellemareart.com\/fr\/wp-json\/wp\/v2\/pages\/153\/revisions"}],"predecessor-version":[{"id":4142,"href":"https:\/\/www.bellemareart.com\/fr\/wp-json\/wp\/v2\/pages\/153\/revisions\/4142"}],"wp:attachment":[{"href":"https:\/\/www.bellemareart.com\/fr\/wp-json\/wp\/v2\/media?parent=153"}],"curies":[{"name":"wp","href":"https:\/\/api.w.org\/{rel}","templated":true}]}}