{"id":3464,"date":"2024-12-18T02:00:03","date_gmt":"2024-12-18T02:00:03","guid":{"rendered":"https:\/\/jeanrioux.net\/bellemareart\/?page_id=3464"},"modified":"2024-12-18T02:01:26","modified_gmt":"2024-12-18T02:01:26","slug":"faq","status":"publish","type":"page","link":"https:\/\/www.bellemareart.com\/fr\/faq\/","title":{"rendered":"FAQ"},"content":{"rendered":"<p>[et_pb_section fb_built=\u00a0\u00bb1&Prime; _builder_version=\u00a0\u00bb4.27.4&Prime; _module_preset=\u00a0\u00bbdefault\u00a0\u00bb custom_padding=\u00a0\u00bb0px|||||\u00a0\u00bb global_colors_info=\u00a0\u00bb{}\u00a0\u00bb][et_pb_row column_structure=\u00a0\u00bb1_2,1_2&Prime; _builder_version=\u00a0\u00bb4.27.4&Prime; _module_preset=\u00a0\u00bbdefault\u00a0\u00bb background_color=\u00a0\u00bb#efefef\u00a0\u00bb width=\u00a0\u00bb100%\u00a0\u00bb max_width=\u00a0\u00bbnone\u00a0\u00bb custom_margin=\u00a0\u00bb-6px|auto||auto|false|false\u00a0\u00bb custom_padding=\u00a0\u00bb|50px|10px|50px|false|false\u00a0\u00bb global_colors_info=\u00a0\u00bb{}\u00a0\u00bb][et_pb_column type=\u00a0\u00bb1_2&Prime; _builder_version=\u00a0\u00bb4.27.4&Prime; _module_preset=\u00a0\u00bbdefault\u00a0\u00bb global_colors_info=\u00a0\u00bb{}\u00a0\u00bb][et_pb_text _builder_version=\u00a0\u00bb4.27.4&Prime; _module_preset=\u00a0\u00bbdefault\u00a0\u00bb background_enable_color=\u00a0\u00bboff\u00a0\u00bb custom_margin=\u00a0\u00bb-12px|||||\u00a0\u00bb global_colors_info=\u00a0\u00bb{}\u00a0\u00bb]<\/p>\n<h2>FAQ<\/h2>\n<p>[\/et_pb_text][\/et_pb_column][et_pb_column type=\u00a0\u00bb1_2&Prime; _builder_version=\u00a0\u00bb4.27.4&Prime; _module_preset=\u00a0\u00bbdefault\u00a0\u00bb global_colors_info=\u00a0\u00bb{}\u00a0\u00bb][et_pb_text _builder_version=\u00a0\u00bb4.27.4&Prime; _module_preset=\u00a0\u00bbdefault\u00a0\u00bb custom_margin=\u00a0\u00bb-6px|||||\u00a0\u00bb hover_enabled=\u00a0\u00bb0&Prime; global_colors_info=\u00a0\u00bb{}\u00a0\u00bb sticky_enabled=\u00a0\u00bb0&Prime;]<\/p>\n<p style=\"text-align: right;\">FAQ &#8211; Artiste peintre abstrait<\/p>\n<p>[\/et_pb_text][\/et_pb_column][\/et_pb_row][et_pb_row _builder_version=\u00a0\u00bb4.27.4&Prime; _module_preset=\u00a0\u00bbdefault\u00a0\u00bb width=\u00a0\u00bb100%\u00a0\u00bb max_width=\u00a0\u00bbnone\u00a0\u00bb custom_padding=\u00a0\u00bb|50px||50px|false|false\u00a0\u00bb global_colors_info=\u00a0\u00bb{}\u00a0\u00bb][et_pb_column type=\u00a0\u00bb4_4&Prime; _builder_version=\u00a0\u00bb4.27.4&Prime; _module_preset=\u00a0\u00bbdefault\u00a0\u00bb global_colors_info=\u00a0\u00bb{}\u00a0\u00bb][et_pb_text _builder_version=\u00a0\u00bb4.27.4&Prime; _module_preset=\u00a0\u00bbdefault\u00a0\u00bb text_font=\u00a0\u00bbRaleway|600||on|||||\u00a0\u00bb text_font_size=\u00a0\u00bb20px\u00a0\u00bb custom_margin=\u00a0\u00bb||20px|||\u00a0\u00bb border_color_all=\u00a0\u00bb#F5800A\u00a0\u00bb border_width_bottom=\u00a0\u00bb2px\u00a0\u00bb global_colors_info=\u00a0\u00bb{}\u00a0\u00bb]<\/p>\n<div class=\"heading-block fancy-title nobottomborder title-bottom-border\">\n<p>Comment visualiser mon choix de tableau dans mon environnement?<\/p>\n<\/div>\n<p>[\/et_pb_text][et_pb_text _builder_version=\u00a0\u00bb4.27.4&Prime; _module_preset=\u00a0\u00bbdefault\u00a0\u00bb text_font=\u00a0\u00bbLato||||||||\u00a0\u00bb text_font_size=\u00a0\u00bb15px\u00a0\u00bb global_colors_info=\u00a0\u00bb{}\u00a0\u00bb]<\/p>\n<p>Nous avons le plaisir de vous offrir le service de visualisation photo du tableau choisi. Transmettez-nous simplement \u00e0 : contact@bellemareart.com une photographie num\u00e9rique de votre espace pour lequel vous voulez acqu\u00e9rir un tableau. Nous positionnerons virtuellement l&rsquo;oeuvre choisie. \u00c0 noter que ce positionnement est pour r\u00e9f\u00e9rence visuelle approximative et que la mesure exacte demeure votre responsabilit\u00e9.<\/p>\n<p>[\/et_pb_text][\/et_pb_column][\/et_pb_row][et_pb_row _builder_version=\u00a0\u00bb4.27.4&Prime; _module_preset=\u00a0\u00bbdefault\u00a0\u00bb width=\u00a0\u00bb100%\u00a0\u00bb max_width=\u00a0\u00bbnone\u00a0\u00bb custom_padding=\u00a0\u00bb|50px||50px|false|false\u00a0\u00bb global_colors_info=\u00a0\u00bb{}\u00a0\u00bb][et_pb_column type=\u00a0\u00bb4_4&Prime; _builder_version=\u00a0\u00bb4.27.4&Prime; _module_preset=\u00a0\u00bbdefault\u00a0\u00bb global_colors_info=\u00a0\u00bb{}\u00a0\u00bb][et_pb_text _builder_version=\u00a0\u00bb4.27.4&Prime; _module_preset=\u00a0\u00bbdefault\u00a0\u00bb text_font=\u00a0\u00bbRaleway|600||on|||||\u00a0\u00bb text_font_size=\u00a0\u00bb20px\u00a0\u00bb custom_margin=\u00a0\u00bb||20px|||\u00a0\u00bb border_color_all=\u00a0\u00bb#F5800A\u00a0\u00bb border_width_bottom=\u00a0\u00bb2px\u00a0\u00bb global_colors_info=\u00a0\u00bb{}\u00a0\u00bb]<\/p>\n<div class=\"heading-block fancy-title nobottomborder title-bottom-border\">\n<p>Puis-je voir le tableau avant d&rsquo;en faire l\u2019acquisition?<\/p>\n<\/div>\n<p>[\/et_pb_text][et_pb_text _builder_version=\u00a0\u00bb4.27.4&Prime; _module_preset=\u00a0\u00bbdefault\u00a0\u00bb text_font=\u00a0\u00bbLato||||||||\u00a0\u00bb text_font_size=\u00a0\u00bb15px\u00a0\u00bb global_colors_info=\u00a0\u00bb{}\u00a0\u00bb]<\/p>\n<p>Oui, vous pouvez nous contacter \u00e0 :<span>\u00a0<\/span><a href=\"mailto:contact@bellemareart.com\">contact@bellemareart.com<\/a><span>\u00a0<\/span>et il nous fera plaisir de vous fixer un rendez-vous au studio de l&rsquo;artiste, afin de vous pr\u00e9senter le ou les tableaux choisis.<\/p>\n<div class=\"heading-block fancy-title nobottomborder title-bottom-border\"><\/div>\n<p>[\/et_pb_text][\/et_pb_column][\/et_pb_row][et_pb_row _builder_version=\u00a0\u00bb4.27.4&Prime; _module_preset=\u00a0\u00bbdefault\u00a0\u00bb width=\u00a0\u00bb100%\u00a0\u00bb max_width=\u00a0\u00bbnone\u00a0\u00bb custom_padding=\u00a0\u00bb|50px||50px|false|false\u00a0\u00bb global_colors_info=\u00a0\u00bb{}\u00a0\u00bb][et_pb_column type=\u00a0\u00bb4_4&Prime; _builder_version=\u00a0\u00bb4.27.4&Prime; _module_preset=\u00a0\u00bbdefault\u00a0\u00bb global_colors_info=\u00a0\u00bb{}\u00a0\u00bb][et_pb_text _builder_version=\u00a0\u00bb4.27.4&Prime; _module_preset=\u00a0\u00bbdefault\u00a0\u00bb text_font=\u00a0\u00bbRaleway|600||on|||||\u00a0\u00bb text_font_size=\u00a0\u00bb20px\u00a0\u00bb custom_margin=\u00a0\u00bb||20px|||\u00a0\u00bb border_color_all=\u00a0\u00bb#F5800A\u00a0\u00bb border_width_bottom=\u00a0\u00bb2px\u00a0\u00bb global_colors_info=\u00a0\u00bb{}\u00a0\u00bb]<\/p>\n<div class=\"heading-block fancy-title nobottomborder title-bottom-border\">\n<p>Quels sont les frais pour la livraison?<\/p>\n<\/div>\n<p>[\/et_pb_text][et_pb_text _builder_version=\u00a0\u00bb4.27.4&Prime; _module_preset=\u00a0\u00bbdefault\u00a0\u00bb text_font=\u00a0\u00bbLato||||||||\u00a0\u00bb text_font_size=\u00a0\u00bb15px\u00a0\u00bb global_colors_info=\u00a0\u00bb{}\u00a0\u00bb]<\/p>\n<p>Pour le Canada il nous fait plaisir d&rsquo;offrir la Livraison gratuite. Pour les autres pays, \u00e9crivez-nous pour obtenir un devis de livraison.<\/p>\n<div class=\"heading-block fancy-title nobottomborder title-bottom-border\"><\/div>\n<p>[\/et_pb_text][\/et_pb_column][\/et_pb_row][et_pb_row _builder_version=\u00a0\u00bb4.27.4&Prime; _module_preset=\u00a0\u00bbdefault\u00a0\u00bb width=\u00a0\u00bb100%\u00a0\u00bb max_width=\u00a0\u00bbnone\u00a0\u00bb custom_padding=\u00a0\u00bb|50px||50px|false|false\u00a0\u00bb global_colors_info=\u00a0\u00bb{}\u00a0\u00bb][et_pb_column type=\u00a0\u00bb4_4&Prime; _builder_version=\u00a0\u00bb4.27.4&Prime; _module_preset=\u00a0\u00bbdefault\u00a0\u00bb global_colors_info=\u00a0\u00bb{}\u00a0\u00bb][et_pb_text _builder_version=\u00a0\u00bb4.27.4&Prime; _module_preset=\u00a0\u00bbdefault\u00a0\u00bb text_font=\u00a0\u00bbRaleway|600||on|||||\u00a0\u00bb text_font_size=\u00a0\u00bb20px\u00a0\u00bb custom_margin=\u00a0\u00bb||20px|||\u00a0\u00bb border_color_all=\u00a0\u00bb#F5800A\u00a0\u00bb border_width_bottom=\u00a0\u00bb2px\u00a0\u00bb global_colors_info=\u00a0\u00bb{}\u00a0\u00bb]<\/p>\n<div class=\"heading-block fancy-title nobottomborder title-bottom-border\">\n<p>Est-il possible de faire concevoir un tableau sur mesure (couleurs ou formats particuliers) par Pierre Bellemare?<\/p>\n<\/div>\n<p>[\/et_pb_text][et_pb_text _builder_version=\u00a0\u00bb4.27.4&Prime; _module_preset=\u00a0\u00bbdefault\u00a0\u00bb text_font=\u00a0\u00bbLato||||||||\u00a0\u00bb text_font_size=\u00a0\u00bb15px\u00a0\u00bb global_colors_info=\u00a0\u00bb{}\u00a0\u00bb]<\/p>\n<p>Pierre Bellemare est disponible pour r\u00e9aliser des commandes sp\u00e9ciales. Veuillez nous contacter pour discuter de vos besoins. Les conditions sont 50% de d\u00e9p\u00f4t non remboursable de la valeur de l&rsquo;\u0153uvre d&rsquo;art payable lors de la commande de l&rsquo;\u0153uvre et 50% lorsque l&rsquo;\u0153uvre est termin\u00e9e et approuv\u00e9e par le client.<\/p>\n<div class=\"heading-block fancy-title nobottomborder title-bottom-border\"><\/div>\n<div class=\"heading-block fancy-title nobottomborder title-bottom-border\"><\/div>\n<p>[\/et_pb_text][\/et_pb_column][\/et_pb_row][et_pb_row _builder_version=\u00a0\u00bb4.27.4&Prime; _module_preset=\u00a0\u00bbdefault\u00a0\u00bb width=\u00a0\u00bb100%\u00a0\u00bb max_width=\u00a0\u00bbnone\u00a0\u00bb custom_padding=\u00a0\u00bb|50px||50px|false|false\u00a0\u00bb global_colors_info=\u00a0\u00bb{}\u00a0\u00bb][et_pb_column type=\u00a0\u00bb4_4&Prime; _builder_version=\u00a0\u00bb4.27.4&Prime; _module_preset=\u00a0\u00bbdefault\u00a0\u00bb global_colors_info=\u00a0\u00bb{}\u00a0\u00bb][et_pb_text _builder_version=\u00a0\u00bb4.27.4&Prime; _module_preset=\u00a0\u00bbdefault\u00a0\u00bb text_font=\u00a0\u00bbRaleway|600||on|||||\u00a0\u00bb text_font_size=\u00a0\u00bb20px\u00a0\u00bb custom_margin=\u00a0\u00bb||20px|||\u00a0\u00bb border_color_all=\u00a0\u00bb#F5800A\u00a0\u00bb border_width_bottom=\u00a0\u00bb2px\u00a0\u00bb global_colors_info=\u00a0\u00bb{}\u00a0\u00bb]<\/p>\n<div class=\"heading-block fancy-title nobottomborder title-bottom-border\">\n<p>Comment les peintures seront-elles emball\u00e9es?<\/p>\n<\/div>\n<p>[\/et_pb_text][et_pb_text _builder_version=\u00a0\u00bb4.27.4&Prime; _module_preset=\u00a0\u00bbdefault\u00a0\u00bb text_font=\u00a0\u00bbLato||||||||\u00a0\u00bb text_font_size=\u00a0\u00bb15px\u00a0\u00bb global_colors_info=\u00a0\u00bb{}\u00a0\u00bb]<\/p>\n<p>Elles seront soigneusement emball\u00e9es et plac\u00e9es dans des bo\u00eetes ou des caisses fabriqu\u00e9es sur mesure afin de minimiser les risques de dommages pendant la livraison. Nous recommandons l&rsquo;utilisation d&#8217;emballages rigides en carton ou de caisses de bois en fonction du poids et des dimensions de l&rsquo;\u0153uvre. Toute \u0153uvre d&rsquo;art de 122 cm (48 po) ou plus, sur au moins une dimension, sera mise dans une caisse en bois.<\/p>\n<p>Les tableaux de la collection \u00ab Rhytmik Large \u00bb sont roul\u00e9es et exp\u00e9di\u00e9es dans un tube de carton pour r\u00e9duire les co\u00fbts d&rsquo;exp\u00e9dition. Ces \u0153uvres devront \u00eatre install\u00e9es sur un cadre de bois \u00e0 leur destination et ce co\u00fbt est \u00e0 la charge de l&rsquo;acheteur. Tout dommage \u00e0 l&rsquo;\u0153uvre d&rsquo;art lors du r\u00e9-\u00e9tirement sera \u00e0 la charge de l&rsquo;acheteur. Si vous souhaitez utiliser cette m\u00e9thode d&rsquo;exp\u00e9dition, veuillez nous contacter avant d&rsquo;effectuer un achat.<\/p>\n<div class=\"heading-block fancy-title nobottomborder title-bottom-border\"><\/div>\n<div class=\"heading-block fancy-title nobottomborder title-bottom-border\"><\/div>\n<p>[\/et_pb_text][\/et_pb_column][\/et_pb_row][et_pb_row _builder_version=\u00a0\u00bb4.27.4&Prime; _module_preset=\u00a0\u00bbdefault\u00a0\u00bb width=\u00a0\u00bb100%\u00a0\u00bb max_width=\u00a0\u00bbnone\u00a0\u00bb custom_padding=\u00a0\u00bb|50px||50px|false|false\u00a0\u00bb global_colors_info=\u00a0\u00bb{}\u00a0\u00bb][et_pb_column type=\u00a0\u00bb4_4&Prime; _builder_version=\u00a0\u00bb4.27.4&Prime; _module_preset=\u00a0\u00bbdefault\u00a0\u00bb global_colors_info=\u00a0\u00bb{}\u00a0\u00bb][et_pb_text _builder_version=\u00a0\u00bb4.27.4&Prime; _module_preset=\u00a0\u00bbdefault\u00a0\u00bb text_font=\u00a0\u00bbRaleway|600||on|||||\u00a0\u00bb text_font_size=\u00a0\u00bb20px\u00a0\u00bb custom_margin=\u00a0\u00bb||20px|||\u00a0\u00bb border_color_all=\u00a0\u00bb#F5800A\u00a0\u00bb border_width_bottom=\u00a0\u00bb2px\u00a0\u00bb global_colors_info=\u00a0\u00bb{}\u00a0\u00bb]<\/p>\n<div class=\"heading-block fancy-title nobottomborder title-bottom-border\">\n<p>Quels sont les mat\u00e9riaux utilis\u00e9s pour vos tableaux?<\/p>\n<\/div>\n<p>[\/et_pb_text][et_pb_text _builder_version=\u00a0\u00bb4.27.4&Prime; _module_preset=\u00a0\u00bbdefault\u00a0\u00bb text_font=\u00a0\u00bbLato||||||||\u00a0\u00bb text_font_size=\u00a0\u00bb15px\u00a0\u00bb global_colors_info=\u00a0\u00bb{}\u00a0\u00bb]<\/p>\n<section id=\"content\">\n<div class=\"content-wrap\">\n<div class=\"container-fullwidth clearfix\">\n<div class=\"col_full\">\n<p>Tous les mat\u00e9riaux et supports utilis\u00e9s par Pierre Bellemare sont soigneusement s\u00e9lectionn\u00e9s pour assurer la meilleure protection \u00e0 long terme des \u0153uvres. Pierre Bellemare n&rsquo;utilise que des peintures et mat\u00e9riaux de qualit\u00e9 professionnelle.<\/p>\n<\/div>\n<\/div>\n<\/div>\n<\/section>\n<footer id=\"footer\" class=\"dark\">\n<div class=\"container-fullwidth\">\n<div class=\"footer-widgets-wrap clearfix\">\n<div class=\"col_full\">\n<div class=\"widget clearfix\">\n<div class=\"col_half\">\n<div class=\"widget clearfix\">\n<div class=\"hidden-xs hidden-sm\"><\/div>\n<\/div>\n<\/div>\n<\/div>\n<\/div>\n<\/div>\n<\/div>\n<\/footer>\n<div class=\"heading-block fancy-title nobottomborder title-bottom-border\"><\/div>\n<div class=\"heading-block fancy-title nobottomborder title-bottom-border\"><\/div>\n<p>[\/et_pb_text][\/et_pb_column][\/et_pb_row][\/et_pb_section]<\/p>\n","protected":false},"excerpt":{"rendered":"<p>FAQFAQ &#8211; Artiste peintre abstrait Comment visualiser mon choix de tableau dans mon environnement? Nous avons le plaisir de vous offrir le service de visualisation photo du tableau choisi. Transmettez-nous simplement \u00e0 : contact@bellemareart.com une photographie num\u00e9rique de votre espace pour lequel vous voulez acqu\u00e9rir un tableau. Nous positionnerons virtuellement l&rsquo;oeuvre choisie. \u00c0 noter que [&hellip;]<\/p>\n","protected":false},"author":1,"featured_media":0,"parent":0,"menu_order":0,"comment_status":"closed","ping_status":"closed","template":"","meta":{"_et_pb_use_builder":"on","_et_pb_old_content":"","_et_gb_content_width":"","footnotes":""},"class_list":["post-3464","page","type-page","status-publish","hentry"],"yoast_head":"<!-- This site is optimized with the Yoast SEO plugin v27.0 - https:\/\/yoast.com\/product\/yoast-seo-wordpress\/ -->\n<title>FAQ - Pierre Bellemare<\/title>\n<meta name=\"robots\" content=\"index, follow, max-snippet:-1, max-image-preview:large, max-video-preview:-1\" \/>\n<link rel=\"canonical\" href=\"https:\/\/www.bellemareart.com\/fr\/faq\/\" \/>\n<meta property=\"og:locale\" content=\"fr_FR\" \/>\n<meta property=\"og:type\" content=\"article\" \/>\n<meta property=\"og:title\" content=\"FAQ - Pierre Bellemare\" \/>\n<meta property=\"og:description\" content=\"FAQFAQ - Artiste peintre abstrait Comment visualiser mon choix de tableau dans mon environnement? Nous avons le plaisir de vous offrir le service de visualisation photo du tableau choisi. Transmettez-nous simplement \u00e0 : contact@bellemareart.com une photographie num\u00e9rique de votre espace pour lequel vous voulez acqu\u00e9rir un tableau. Nous positionnerons virtuellement l&#039;oeuvre choisie. \u00c0 noter que [&hellip;]\" \/>\n<meta property=\"og:url\" content=\"https:\/\/www.bellemareart.com\/fr\/faq\/\" \/>\n<meta property=\"og:site_name\" content=\"Pierre Bellemare\" \/>\n<meta property=\"article:modified_time\" content=\"2024-12-18T02:01:26+00:00\" \/>\n<meta name=\"twitter:card\" content=\"summary_large_image\" \/>\n<meta name=\"twitter:label1\" content=\"Dur\u00e9e de lecture estim\u00e9e\" \/>\n\t<meta name=\"twitter:data1\" content=\"6 minutes\" \/>\n<script type=\"application\/ld+json\" class=\"yoast-schema-graph\">{\"@context\":\"https:\/\/schema.org\",\"@graph\":[{\"@type\":\"WebPage\",\"@id\":\"https:\/\/www.bellemareart.com\/fr\/faq\/\",\"url\":\"https:\/\/www.bellemareart.com\/fr\/faq\/\",\"name\":\"FAQ - Pierre Bellemare\",\"isPartOf\":{\"@id\":\"https:\/\/www.bellemareart.com\/#website\"},\"datePublished\":\"2024-12-18T02:00:03+00:00\",\"dateModified\":\"2024-12-18T02:01:26+00:00\",\"breadcrumb\":{\"@id\":\"https:\/\/www.bellemareart.com\/fr\/faq\/#breadcrumb\"},\"inLanguage\":\"fr-FR\",\"potentialAction\":[{\"@type\":\"ReadAction\",\"target\":[\"https:\/\/www.bellemareart.com\/fr\/faq\/\"]}]},{\"@type\":\"BreadcrumbList\",\"@id\":\"https:\/\/www.bellemareart.com\/fr\/faq\/#breadcrumb\",\"itemListElement\":[{\"@type\":\"ListItem\",\"position\":1,\"name\":\"Home\",\"item\":\"https:\/\/www.bellemareart.com\/\"},{\"@type\":\"ListItem\",\"position\":2,\"name\":\"FAQ\"}]},{\"@type\":\"WebSite\",\"@id\":\"https:\/\/www.bellemareart.com\/#website\",\"url\":\"https:\/\/www.bellemareart.com\/\",\"name\":\"Pierre Bellemare - Art Abstrait\",\"description\":\"Artiste peintre\",\"publisher\":{\"@id\":\"https:\/\/www.bellemareart.com\/#\/schema\/person\/52edad8d7db1bc3e7bab550ad97ef6f1\"},\"potentialAction\":[{\"@type\":\"SearchAction\",\"target\":{\"@type\":\"EntryPoint\",\"urlTemplate\":\"https:\/\/www.bellemareart.com\/?s={search_term_string}\"},\"query-input\":{\"@type\":\"PropertyValueSpecification\",\"valueRequired\":true,\"valueName\":\"search_term_string\"}}],\"inLanguage\":\"fr-FR\"},{\"@type\":[\"Person\",\"Organization\"],\"@id\":\"https:\/\/www.bellemareart.com\/#\/schema\/person\/52edad8d7db1bc3e7bab550ad97ef6f1\",\"name\":\"Pierre Bellemare\",\"image\":{\"@type\":\"ImageObject\",\"inLanguage\":\"fr-FR\",\"@id\":\"https:\/\/www.bellemareart.com\/#\/schema\/person\/image\/\",\"url\":\"https:\/\/www.bellemareart.com\/wp-content\/uploads\/2024\/12\/photo-contact.jpg\",\"contentUrl\":\"https:\/\/www.bellemareart.com\/wp-content\/uploads\/2024\/12\/photo-contact.jpg\",\"width\":750,\"height\":1000,\"caption\":\"Pierre Bellemare\"},\"logo\":{\"@id\":\"https:\/\/www.bellemareart.com\/#\/schema\/person\/image\/\"},\"sameAs\":[\"https:\/\/www.instagram.com\/bellemare_art\/\"]}]}<\/script>\n<!-- \/ Yoast SEO plugin. -->","yoast_head_json":{"title":"FAQ - Pierre Bellemare","robots":{"index":"index","follow":"follow","max-snippet":"max-snippet:-1","max-image-preview":"max-image-preview:large","max-video-preview":"max-video-preview:-1"},"canonical":"https:\/\/www.bellemareart.com\/fr\/faq\/","og_locale":"fr_FR","og_type":"article","og_title":"FAQ - Pierre Bellemare","og_description":"FAQFAQ - Artiste peintre abstrait Comment visualiser mon choix de tableau dans mon environnement? Nous avons le plaisir de vous offrir le service de visualisation photo du tableau choisi. Transmettez-nous simplement \u00e0 : contact@bellemareart.com une photographie num\u00e9rique de votre espace pour lequel vous voulez acqu\u00e9rir un tableau. Nous positionnerons virtuellement l'oeuvre choisie. \u00c0 noter que [&hellip;]","og_url":"https:\/\/www.bellemareart.com\/fr\/faq\/","og_site_name":"Pierre Bellemare","article_modified_time":"2024-12-18T02:01:26+00:00","twitter_card":"summary_large_image","twitter_misc":{"Dur\u00e9e de lecture estim\u00e9e":"6 minutes"},"schema":{"@context":"https:\/\/schema.org","@graph":[{"@type":"WebPage","@id":"https:\/\/www.bellemareart.com\/fr\/faq\/","url":"https:\/\/www.bellemareart.com\/fr\/faq\/","name":"FAQ - Pierre Bellemare","isPartOf":{"@id":"https:\/\/www.bellemareart.com\/#website"},"datePublished":"2024-12-18T02:00:03+00:00","dateModified":"2024-12-18T02:01:26+00:00","breadcrumb":{"@id":"https:\/\/www.bellemareart.com\/fr\/faq\/#breadcrumb"},"inLanguage":"fr-FR","potentialAction":[{"@type":"ReadAction","target":["https:\/\/www.bellemareart.com\/fr\/faq\/"]}]},{"@type":"BreadcrumbList","@id":"https:\/\/www.bellemareart.com\/fr\/faq\/#breadcrumb","itemListElement":[{"@type":"ListItem","position":1,"name":"Home","item":"https:\/\/www.bellemareart.com\/"},{"@type":"ListItem","position":2,"name":"FAQ"}]},{"@type":"WebSite","@id":"https:\/\/www.bellemareart.com\/#website","url":"https:\/\/www.bellemareart.com\/","name":"Pierre Bellemare - Art Abstrait","description":"Artiste peintre","publisher":{"@id":"https:\/\/www.bellemareart.com\/#\/schema\/person\/52edad8d7db1bc3e7bab550ad97ef6f1"},"potentialAction":[{"@type":"SearchAction","target":{"@type":"EntryPoint","urlTemplate":"https:\/\/www.bellemareart.com\/?s={search_term_string}"},"query-input":{"@type":"PropertyValueSpecification","valueRequired":true,"valueName":"search_term_string"}}],"inLanguage":"fr-FR"},{"@type":["Person","Organization"],"@id":"https:\/\/www.bellemareart.com\/#\/schema\/person\/52edad8d7db1bc3e7bab550ad97ef6f1","name":"Pierre Bellemare","image":{"@type":"ImageObject","inLanguage":"fr-FR","@id":"https:\/\/www.bellemareart.com\/#\/schema\/person\/image\/","url":"https:\/\/www.bellemareart.com\/wp-content\/uploads\/2024\/12\/photo-contact.jpg","contentUrl":"https:\/\/www.bellemareart.com\/wp-content\/uploads\/2024\/12\/photo-contact.jpg","width":750,"height":1000,"caption":"Pierre Bellemare"},"logo":{"@id":"https:\/\/www.bellemareart.com\/#\/schema\/person\/image\/"},"sameAs":["https:\/\/www.instagram.com\/bellemare_art\/"]}]}},"_links":{"self":[{"href":"https:\/\/www.bellemareart.com\/fr\/wp-json\/wp\/v2\/pages\/3464","targetHints":{"allow":["GET"]}}],"collection":[{"href":"https:\/\/www.bellemareart.com\/fr\/wp-json\/wp\/v2\/pages"}],"about":[{"href":"https:\/\/www.bellemareart.com\/fr\/wp-json\/wp\/v2\/types\/page"}],"author":[{"embeddable":true,"href":"https:\/\/www.bellemareart.com\/fr\/wp-json\/wp\/v2\/users\/1"}],"replies":[{"embeddable":true,"href":"https:\/\/www.bellemareart.com\/fr\/wp-json\/wp\/v2\/comments?post=3464"}],"version-history":[{"count":5,"href":"https:\/\/www.bellemareart.com\/fr\/wp-json\/wp\/v2\/pages\/3464\/revisions"}],"predecessor-version":[{"id":3476,"href":"https:\/\/www.bellemareart.com\/fr\/wp-json\/wp\/v2\/pages\/3464\/revisions\/3476"}],"wp:attachment":[{"href":"https:\/\/www.bellemareart.com\/fr\/wp-json\/wp\/v2\/media?parent=3464"}],"curies":[{"name":"wp","href":"https:\/\/api.w.org\/{rel}","templated":true}]}}