{"id":55,"date":"2024-11-11T23:34:55","date_gmt":"2024-11-11T23:34:55","guid":{"rendered":"https:\/\/jeanrioux.net\/bellemareart\/?page_id=55"},"modified":"2026-03-31T18:02:47","modified_gmt":"2026-03-31T18:02:47","slug":"biographie","status":"publish","type":"page","link":"https:\/\/www.bellemareart.com\/fr\/biographie\/","title":{"rendered":"Biographie"},"content":{"rendered":"<p>[et_pb_section fb_built=\u00a0\u00bb1&Prime; _builder_version=\u00a0\u00bb4.27.4&Prime; _module_preset=\u00a0\u00bbdefault\u00a0\u00bb custom_padding=\u00a0\u00bb0px|||||\u00a0\u00bb global_colors_info=\u00a0\u00bb{}\u00a0\u00bb][et_pb_row _builder_version=\u00a0\u00bb4.27.4&Prime; _module_preset=\u00a0\u00bbdefault\u00a0\u00bb background_image=\u00a0\u00bbhttps:\/\/www.bellemareart.com\/wp-content\/uploads\/2024\/12\/Biographie.jpg\u00a0\u00bb parallax=\u00a0\u00bbon\u00a0\u00bb width=\u00a0\u00bb100%\u00a0\u00bb max_width=\u00a0\u00bbnone\u00a0\u00bb height=\u00a0\u00bb600px\u00a0\u00bb global_colors_info=\u00a0\u00bb{}\u00a0\u00bb][et_pb_column type=\u00a0\u00bb4_4&Prime; _builder_version=\u00a0\u00bb4.27.4&Prime; _module_preset=\u00a0\u00bbdefault\u00a0\u00bb global_colors_info=\u00a0\u00bb{}\u00a0\u00bb][\/et_pb_column][\/et_pb_row][et_pb_row column_structure=\u00a0\u00bb1_2,1_2&Prime; _builder_version=\u00a0\u00bb4.27.4&Prime; _module_preset=\u00a0\u00bbdefault\u00a0\u00bb background_color=\u00a0\u00bb#efefef\u00a0\u00bb width=\u00a0\u00bb100%\u00a0\u00bb max_width=\u00a0\u00bbnone\u00a0\u00bb custom_margin=\u00a0\u00bb-36px|auto||auto|false|false\u00a0\u00bb custom_padding=\u00a0\u00bb|50px|10px|50px|false|false\u00a0\u00bb global_colors_info=\u00a0\u00bb{}\u00a0\u00bb][et_pb_column type=\u00a0\u00bb1_2&Prime; _builder_version=\u00a0\u00bb4.27.4&Prime; _module_preset=\u00a0\u00bbdefault\u00a0\u00bb global_colors_info=\u00a0\u00bb{}\u00a0\u00bb][et_pb_text _builder_version=\u00a0\u00bb4.27.4&Prime; _module_preset=\u00a0\u00bbdefault\u00a0\u00bb background_enable_color=\u00a0\u00bboff\u00a0\u00bb custom_margin=\u00a0\u00bb-12px|||||\u00a0\u00bb global_colors_info=\u00a0\u00bb{}\u00a0\u00bb][\/et_pb_text][\/et_pb_column][et_pb_column type=\u00a0\u00bb1_2&Prime; _builder_version=\u00a0\u00bb4.27.4&Prime; _module_preset=\u00a0\u00bbdefault\u00a0\u00bb global_colors_info=\u00a0\u00bb{}\u00a0\u00bb][et_pb_text _builder_version=\u00a0\u00bb4.27.4&Prime; _module_preset=\u00a0\u00bbdefault\u00a0\u00bb custom_margin=\u00a0\u00bb-6px|||||\u00a0\u00bb global_colors_info=\u00a0\u00bb{}\u00a0\u00bb]<\/p>\n<p style=\"text-align: right;\">\u00c0 propos de Pierre Bellemare &#8211; Artiste peintre abstrait<\/p>\n<p>[\/et_pb_text][\/et_pb_column][\/et_pb_row][et_pb_row column_structure=\u00a0\u00bb1_2,1_2&Prime; _builder_version=\u00a0\u00bb4.27.4&Prime; _module_preset=\u00a0\u00bbdefault\u00a0\u00bb width=\u00a0\u00bb100%\u00a0\u00bb max_width=\u00a0\u00bbnone\u00a0\u00bb custom_margin=\u00a0\u00bb||||false|false\u00a0\u00bb custom_padding=\u00a0\u00bb|50px||50px|false|false\u00a0\u00bb global_colors_info=\u00a0\u00bb{}\u00a0\u00bb][et_pb_column type=\u00a0\u00bb1_2&Prime; _builder_version=\u00a0\u00bb4.27.4&Prime; _module_preset=\u00a0\u00bbdefault\u00a0\u00bb global_colors_info=\u00a0\u00bb{}\u00a0\u00bb][et_pb_text _builder_version=\u00a0\u00bb4.27.4&Prime; _module_preset=\u00a0\u00bbdefault\u00a0\u00bb text_font=\u00a0\u00bbRaleway|600||on|||||\u00a0\u00bb text_font_size=\u00a0\u00bb20px\u00a0\u00bb border_color_all=\u00a0\u00bb#F5800A\u00a0\u00bb border_width_bottom=\u00a0\u00bb2px\u00a0\u00bb global_colors_info=\u00a0\u00bb{}\u00a0\u00bb]<\/p>\n<p>\u00c0 propos de Pierre Bellemare<\/p>\n<p>[\/et_pb_text][et_pb_text _builder_version=\u00a0\u00bb4.27.5&Prime; _module_preset=\u00a0\u00bbdefault\u00a0\u00bb text_font=\u00a0\u00bbLato||||||||\u00a0\u00bb text_font_size=\u00a0\u00bb15px\u00a0\u00bb hover_enabled=\u00a0\u00bb0&Prime; global_colors_info=\u00a0\u00bb{}\u00a0\u00bb sticky_enabled=\u00a0\u00bb0&Prime;]<\/p>\n<p>Dipl\u00f4m\u00e9 en arts et bachelier en communication graphique, Pierre Bellemare a d&rsquo;abord cr\u00e9\u00e9 et dirig\u00e9, pendant plus de 20 ans, sa propre agence, Bellemare design graphique. Son expertise de concepteur l&rsquo;a men\u00e9 \u00e0 r\u00e9aliser d&rsquo;importants mandats nationaux et internationaux, dont certains ont \u00e9t\u00e9 diffus\u00e9s dans plus de 65 pays.<span class=\"Apple-converted-space\">\u00a0<\/span><\/p>\n<p>Aujourd&rsquo;hui, et depuis plus de 15 ans d\u00e9j\u00e0, il se consacre enti\u00e8rement \u00e0 sa pratique artistique. Ainsi, il a expos\u00e9 ses \u0153uvres dans de prestigieuses galeries au Canada, aux \u00c9tats-Unis et en Europe, tout en participant \u00e0 des expositions collectives dans diff\u00e9rents pays. Ses cr\u00e9ations, port\u00e9es par ses voyages et sa passion pour la musique, se nourrissent des cultures rencontr\u00e9es en Europe, en Asie et au Moyen-Orient. Il en tire une palette vibrante et une gestuelle \u00e9nergique qui d\u00e9finissent sa signature visuelle unique. Ses tableaux enrichissent d\u00e9sormais de nombreuses collections priv\u00e9es et corporatives \u00e0 travers l&rsquo;Am\u00e9rique du Nord, l&rsquo;Europe, l&rsquo;Asie et l&rsquo;Oc\u00e9anie. \u00bb<\/p>\n<p>Il y a quelques ann\u00e9es, les cr\u00e9ations de Pierre Bellemare ont \u00e9t\u00e9 remarqu\u00e9es par le Deji art Museum de Nanjing en Chine. D\u00e8s lors, le Mus\u00e9e fit l\u2019acquisition de 22 \u0153uvres \u00ab\u00a0grand format\u00a0\u00bb et lui demanda de cr\u00e9er une s\u00e9rie de 20 autres grands tableaux exclusifs afin de compl\u00e9ter sa collection permanente du Mus\u00e9e.<\/p>\n<p>[\/et_pb_text][\/et_pb_column][et_pb_column type=\u00a0\u00bb1_2&Prime; _builder_version=\u00a0\u00bb4.27.4&Prime; _module_preset=\u00a0\u00bbdefault\u00a0\u00bb global_colors_info=\u00a0\u00bb{}\u00a0\u00bb][et_pb_text _builder_version=\u00a0\u00bb4.27.4&Prime; _module_preset=\u00a0\u00bbdefault\u00a0\u00bb text_font=\u00a0\u00bbRaleway|600||on|||||\u00a0\u00bb text_font_size=\u00a0\u00bb20px\u00a0\u00bb border_color_all=\u00a0\u00bb#F5800A\u00a0\u00bb border_width_bottom=\u00a0\u00bb2px\u00a0\u00bb global_colors_info=\u00a0\u00bb{}\u00a0\u00bb]<\/p>\n<p>La D\u00e9marche<\/p>\n<p>[\/et_pb_text][et_pb_text _builder_version=\u00a0\u00bb4.27.5&Prime; _module_preset=\u00a0\u00bbdefault\u00a0\u00bb text_font=\u00a0\u00bbLato||||||||\u00a0\u00bb text_font_size=\u00a0\u00bb15px\u00a0\u00bb hover_enabled=\u00a0\u00bb0&Prime; global_colors_info=\u00a0\u00bb{}\u00a0\u00bb sticky_enabled=\u00a0\u00bb0&Prime;]<\/p>\n<p>Ma d\u00e9marche artistique s&rsquo;articule autour de la puissance de l&rsquo;abstraction comme langage universel et sans fronti\u00e8res. Elle est profond\u00e9ment nourrie par le rythme de la musique et les impressions marquantes laiss\u00e9es par mes voyages, notamment en Asie.\u00a0<\/p>\n<p>Je per\u00e7ois l&rsquo;acte de cr\u00e9er comme une v\u00e9ritable traduction visuelle de l&rsquo;immat\u00e9riel, un espace o\u00f9 les limites s\u2019int\u00e8grent, puis s\u2019estompent, pour donner naissance \u00e0 une \u0153uvre unique et expressive.<\/p>\n<p>L&rsquo;abstraction me permet ainsi de saisir l&rsquo;essence d&rsquo;une \u00e9motion, d\u2019un lieu, d\u2019une sonorit\u00e9, et de la propulser au-del\u00e0 de la repr\u00e9sentation figurative.<\/p>\n<p>Le rythme, \u00e9l\u00e9ment fondamental en musique, se manifeste dans mes \u0153uvres par des mouvements \u00e9nergiques et puissants, des lignes directrices et une composition dynamique, \u00e0 la fois libre et structur\u00e9e qui guide le regard. Cette libert\u00e9 du geste repose sur un fondement solide, alliant une richesse de connaissances graphiques et artistiques, d\u2019exp\u00e9rience et d\u2019une spontan\u00e9it\u00e9 pleinement assum\u00e9e.<\/p>\n<p>Les paysages sonores et visuels, notamment de l&rsquo;Asie, avec leurs architectures monumentales, leurs couleurs vibrantes et leurs traditions ancestrales, agissent comme un puissant catalyseur. Je cherche \u00e0 retranscrire cette \u00e9nergie, cette harmonie des contrastes et cette richesse culturelle \u00e0 travers des couleurs intenses et une gestuelle \u00e9nergique.<\/p>\n<p>Enfin, pour moi, le design, l\u2019\u00e9quilibre, l\u2019audace et la structure sont primordiaux, voire essentiels, pour que l\u2019\u0153uvre s\u2019exprime pleinement, vivement et avec force dans son unicit\u00e9. Mon processus cr\u00e9atif est une exploration continue, un dialogue constant entre l&rsquo;influence ext\u00e9rieure et mon propre langage int\u00e9rieur.<\/p>\n<p>Chaque \u0153uvre devient ainsi un carnet de voyage sensoriel, un lieu o\u00f9 se m\u00ealent souvenirs auditifs et visuels, invitants au voyage int\u00e9rieur et \u00e0 la contemplation.<\/p>\n<p>[\/et_pb_text][\/et_pb_column][\/et_pb_row][et_pb_row _builder_version=\u00a0\u00bb4.27.4&Prime; _module_preset=\u00a0\u00bbdefault\u00a0\u00bb width=\u00a0\u00bb100%\u00a0\u00bb max_width=\u00a0\u00bbnone\u00a0\u00bb custom_padding=\u00a0\u00bb|50px||50px|false|false\u00a0\u00bb global_colors_info=\u00a0\u00bb{}\u00a0\u00bb][et_pb_column type=\u00a0\u00bb4_4&Prime; _builder_version=\u00a0\u00bb4.27.4&Prime; _module_preset=\u00a0\u00bbdefault\u00a0\u00bb global_colors_info=\u00a0\u00bb{}\u00a0\u00bb][et_pb_text _builder_version=\u00a0\u00bb4.27.4&Prime; _module_preset=\u00a0\u00bbdefault\u00a0\u00bb text_font=\u00a0\u00bbRaleway|600||on|||||\u00a0\u00bb text_font_size=\u00a0\u00bb20px\u00a0\u00bb border_color_all=\u00a0\u00bb#F5800A\u00a0\u00bb border_width_bottom=\u00a0\u00bb2px\u00a0\u00bb global_colors_info=\u00a0\u00bb{}\u00a0\u00bb]<\/p>\n<p>Collections Corporatives<\/p>\n<p>[\/et_pb_text][\/et_pb_column][\/et_pb_row][et_pb_row column_structure=\u00a0\u00bb1_2,1_2&Prime; _builder_version=\u00a0\u00bb4.27.4&Prime; _module_preset=\u00a0\u00bbdefault\u00a0\u00bb width=\u00a0\u00bb100%\u00a0\u00bb max_width=\u00a0\u00bbnone\u00a0\u00bb custom_padding=\u00a0\u00bb|50px||50px|false|false\u00a0\u00bb global_colors_info=\u00a0\u00bb{}\u00a0\u00bb][et_pb_column type=\u00a0\u00bb1_2&Prime; _builder_version=\u00a0\u00bb4.27.4&Prime; _module_preset=\u00a0\u00bbdefault\u00a0\u00bb global_colors_info=\u00a0\u00bb{}\u00a0\u00bb][et_pb_text _builder_version=\u00a0\u00bb4.27.4&Prime; _module_preset=\u00a0\u00bbdefault\u00a0\u00bb text_font=\u00a0\u00bbLato||||||||\u00a0\u00bb text_font_size=\u00a0\u00bb15px\u00a0\u00bb global_colors_info=\u00a0\u00bb{}\u00a0\u00bb]<\/p>\n<ul class=\"iconlist\">\n<li>COLLECTION DEJI ART MUSEUM, CHINA<\/li>\n<li><i class=\"icon-minus\"><\/i>COLLECTION DURRAH, BAHRE\u00cfN<\/li>\n<li><i class=\"icon-minus\"><\/i>COLLECTION DESJARDINS<\/li>\n<li><i class=\"icon-minus\"><\/i>MCKINSEY &amp; COMPANY<\/li>\n<li><i class=\"icon-minus\"><\/i>NORTON ROSE FULBRIGHT<\/li>\n<li><i class=\"icon-minus\"><\/i>BMW VILLE DE QU\u00c9BEC<\/li>\n<li><i class=\"icon-minus\"><\/i>CHANTIER NAVAL COUACH<\/li>\n<li><i class=\"icon-minus\"><\/i>SHANGHAI HOMOO URBAN PLANNING CO. LTD<\/li>\n<li><i class=\"icon-minus\"><\/i>INSTITUT D&rsquo;ADMINISTRATION PUBLIQUE DE QU\u00c9BEC<\/li>\n<li><i class=\"icon-minus\"><\/i>GROUPE S.M. INTERNATIONAL<\/li>\n<\/ul>\n<p>[\/et_pb_text][\/et_pb_column][et_pb_column type=\u00a0\u00bb1_2&Prime; _builder_version=\u00a0\u00bb4.27.4&Prime; _module_preset=\u00a0\u00bbdefault\u00a0\u00bb global_colors_info=\u00a0\u00bb{}\u00a0\u00bb][et_pb_text _builder_version=\u00a0\u00bb4.27.4&Prime; _module_preset=\u00a0\u00bbdefault\u00a0\u00bb text_font=\u00a0\u00bbLato||||||||\u00a0\u00bb text_font_size=\u00a0\u00bb15px\u00a0\u00bb global_colors_info=\u00a0\u00bb{}\u00a0\u00bb]<\/p>\n<ul class=\"iconlist\">\n<li>PACIFIC LIFE<\/li>\n<li><i class=\"icon-minus\"><\/i>BOULEVARD LEXUS<\/li>\n<li><i class=\"icon-minus\"><\/i>CANADA DIRECT<\/li>\n<li><i class=\"icon-minus\"><\/i>CAISSE DESJARDINS DE LA CHAUDI\u00c8RE \u2013 SI\u00c8GE SOCIAL<\/li>\n<li><i class=\"icon-minus\"><\/i>CLINIQUE OROSPH\u00c8RE<\/li>\n<li><i class=\"icon-minus\"><\/i>CLINIQUE MCB SIGNATURE<\/li>\n<li><i class=\"icon-minus\"><\/i>SAINTE-FOY TOYOTA<\/li>\n<li><i class=\"icon-minus\"><\/i>RIB N REEF STEAKHOUSE &amp; CIGAR LOUNGE<\/li>\n<li><i class=\"icon-minus\"><\/i>POITRAS &amp; POITRAS CORPORATION<\/li>\n<li><i class=\"icon-minus\"><\/i>T\u00dcNDRA COMMUNICATION<\/li>\n<\/ul>\n<p>[\/et_pb_text][\/et_pb_column][\/et_pb_row][\/et_pb_section]<\/p>\n","protected":false},"excerpt":{"rendered":"<p>\u00c0 propos de Pierre Bellemare &#8211; Artiste peintre abstrait\u00c0 propos de Pierre BellemareDipl\u00f4m\u00e9 en arts et bachelier en communication graphique, Pierre Bellemare a d&rsquo;abord cr\u00e9\u00e9 et dirig\u00e9, pendant plus de 20 ans, sa propre agence, Bellemare design graphique. Son expertise de concepteur l&rsquo;a men\u00e9 \u00e0 r\u00e9aliser d&rsquo;importants mandats nationaux et internationaux, dont certains ont \u00e9t\u00e9 [&hellip;]<\/p>\n","protected":false},"author":1,"featured_media":0,"parent":0,"menu_order":0,"comment_status":"closed","ping_status":"closed","template":"","meta":{"_et_pb_use_builder":"on","_et_pb_old_content":"","_et_gb_content_width":"","footnotes":""},"class_list":["post-55","page","type-page","status-publish","hentry"],"yoast_head":"<!-- This site is optimized with the Yoast SEO plugin v27.0 - https:\/\/yoast.com\/product\/yoast-seo-wordpress\/ -->\n<title>Biographie - Pierre Bellemare<\/title>\n<meta name=\"robots\" content=\"index, follow, max-snippet:-1, max-image-preview:large, max-video-preview:-1\" \/>\n<link rel=\"canonical\" href=\"https:\/\/www.bellemareart.com\/biography\/\" \/>\n<meta property=\"og:locale\" content=\"fr_FR\" \/>\n<meta property=\"og:type\" content=\"article\" \/>\n<meta property=\"og:title\" content=\"Biographie - Pierre Bellemare\" \/>\n<meta property=\"og:description\" content=\"\u00c0 propos de Pierre Bellemare - Artiste peintre abstrait\u00c0 propos de Pierre BellemareDipl\u00f4m\u00e9 en arts et bachelier en communication graphique, Pierre Bellemare a d&#039;abord cr\u00e9\u00e9 et dirig\u00e9, pendant plus de 20 ans, sa propre agence, Bellemare design graphique. Son expertise de concepteur l&#039;a men\u00e9 \u00e0 r\u00e9aliser d&#039;importants mandats nationaux et internationaux, dont certains ont \u00e9t\u00e9 [&hellip;]\" \/>\n<meta property=\"og:url\" content=\"https:\/\/www.bellemareart.com\/biography\/\" \/>\n<meta property=\"og:site_name\" content=\"Pierre Bellemare\" \/>\n<meta property=\"article:modified_time\" content=\"2026-03-31T18:02:47+00:00\" \/>\n<meta name=\"twitter:card\" content=\"summary_large_image\" \/>\n<meta name=\"twitter:label1\" content=\"Dur\u00e9e de lecture estim\u00e9e\" \/>\n\t<meta name=\"twitter:data1\" content=\"6 minutes\" \/>\n<script type=\"application\/ld+json\" class=\"yoast-schema-graph\">{\"@context\":\"https:\/\/schema.org\",\"@graph\":[{\"@type\":\"WebPage\",\"@id\":\"https:\/\/www.bellemareart.com\/biography\/\",\"url\":\"https:\/\/www.bellemareart.com\/biography\/\",\"name\":\"Biographie - Pierre Bellemare\",\"isPartOf\":{\"@id\":\"https:\/\/www.bellemareart.com\/#website\"},\"datePublished\":\"2024-11-11T23:34:55+00:00\",\"dateModified\":\"2026-03-31T18:02:47+00:00\",\"breadcrumb\":{\"@id\":\"https:\/\/www.bellemareart.com\/biography\/#breadcrumb\"},\"inLanguage\":\"fr-FR\",\"potentialAction\":[{\"@type\":\"ReadAction\",\"target\":[\"https:\/\/www.bellemareart.com\/biography\/\"]}]},{\"@type\":\"BreadcrumbList\",\"@id\":\"https:\/\/www.bellemareart.com\/biography\/#breadcrumb\",\"itemListElement\":[{\"@type\":\"ListItem\",\"position\":1,\"name\":\"Home\",\"item\":\"https:\/\/www.bellemareart.com\/\"},{\"@type\":\"ListItem\",\"position\":2,\"name\":\"Biographie\"}]},{\"@type\":\"WebSite\",\"@id\":\"https:\/\/www.bellemareart.com\/#website\",\"url\":\"https:\/\/www.bellemareart.com\/\",\"name\":\"Pierre Bellemare - Art Abstrait\",\"description\":\"Artiste peintre\",\"publisher\":{\"@id\":\"https:\/\/www.bellemareart.com\/#\/schema\/person\/52edad8d7db1bc3e7bab550ad97ef6f1\"},\"potentialAction\":[{\"@type\":\"SearchAction\",\"target\":{\"@type\":\"EntryPoint\",\"urlTemplate\":\"https:\/\/www.bellemareart.com\/?s={search_term_string}\"},\"query-input\":{\"@type\":\"PropertyValueSpecification\",\"valueRequired\":true,\"valueName\":\"search_term_string\"}}],\"inLanguage\":\"fr-FR\"},{\"@type\":[\"Person\",\"Organization\"],\"@id\":\"https:\/\/www.bellemareart.com\/#\/schema\/person\/52edad8d7db1bc3e7bab550ad97ef6f1\",\"name\":\"Pierre Bellemare\",\"image\":{\"@type\":\"ImageObject\",\"inLanguage\":\"fr-FR\",\"@id\":\"https:\/\/www.bellemareart.com\/#\/schema\/person\/image\/\",\"url\":\"https:\/\/www.bellemareart.com\/wp-content\/uploads\/2024\/12\/photo-contact.jpg\",\"contentUrl\":\"https:\/\/www.bellemareart.com\/wp-content\/uploads\/2024\/12\/photo-contact.jpg\",\"width\":750,\"height\":1000,\"caption\":\"Pierre Bellemare\"},\"logo\":{\"@id\":\"https:\/\/www.bellemareart.com\/#\/schema\/person\/image\/\"},\"sameAs\":[\"https:\/\/www.instagram.com\/bellemare_art\/\"]}]}<\/script>\n<!-- \/ Yoast SEO plugin. -->","yoast_head_json":{"title":"Biographie - Pierre Bellemare","robots":{"index":"index","follow":"follow","max-snippet":"max-snippet:-1","max-image-preview":"max-image-preview:large","max-video-preview":"max-video-preview:-1"},"canonical":"https:\/\/www.bellemareart.com\/biography\/","og_locale":"fr_FR","og_type":"article","og_title":"Biographie - Pierre Bellemare","og_description":"\u00c0 propos de Pierre Bellemare - Artiste peintre abstrait\u00c0 propos de Pierre BellemareDipl\u00f4m\u00e9 en arts et bachelier en communication graphique, Pierre Bellemare a d'abord cr\u00e9\u00e9 et dirig\u00e9, pendant plus de 20 ans, sa propre agence, Bellemare design graphique. Son expertise de concepteur l'a men\u00e9 \u00e0 r\u00e9aliser d'importants mandats nationaux et internationaux, dont certains ont \u00e9t\u00e9 [&hellip;]","og_url":"https:\/\/www.bellemareart.com\/biography\/","og_site_name":"Pierre Bellemare","article_modified_time":"2026-03-31T18:02:47+00:00","twitter_card":"summary_large_image","twitter_misc":{"Dur\u00e9e de lecture estim\u00e9e":"6 minutes"},"schema":{"@context":"https:\/\/schema.org","@graph":[{"@type":"WebPage","@id":"https:\/\/www.bellemareart.com\/biography\/","url":"https:\/\/www.bellemareart.com\/biography\/","name":"Biographie - Pierre Bellemare","isPartOf":{"@id":"https:\/\/www.bellemareart.com\/#website"},"datePublished":"2024-11-11T23:34:55+00:00","dateModified":"2026-03-31T18:02:47+00:00","breadcrumb":{"@id":"https:\/\/www.bellemareart.com\/biography\/#breadcrumb"},"inLanguage":"fr-FR","potentialAction":[{"@type":"ReadAction","target":["https:\/\/www.bellemareart.com\/biography\/"]}]},{"@type":"BreadcrumbList","@id":"https:\/\/www.bellemareart.com\/biography\/#breadcrumb","itemListElement":[{"@type":"ListItem","position":1,"name":"Home","item":"https:\/\/www.bellemareart.com\/"},{"@type":"ListItem","position":2,"name":"Biographie"}]},{"@type":"WebSite","@id":"https:\/\/www.bellemareart.com\/#website","url":"https:\/\/www.bellemareart.com\/","name":"Pierre Bellemare - Art Abstrait","description":"Artiste peintre","publisher":{"@id":"https:\/\/www.bellemareart.com\/#\/schema\/person\/52edad8d7db1bc3e7bab550ad97ef6f1"},"potentialAction":[{"@type":"SearchAction","target":{"@type":"EntryPoint","urlTemplate":"https:\/\/www.bellemareart.com\/?s={search_term_string}"},"query-input":{"@type":"PropertyValueSpecification","valueRequired":true,"valueName":"search_term_string"}}],"inLanguage":"fr-FR"},{"@type":["Person","Organization"],"@id":"https:\/\/www.bellemareart.com\/#\/schema\/person\/52edad8d7db1bc3e7bab550ad97ef6f1","name":"Pierre Bellemare","image":{"@type":"ImageObject","inLanguage":"fr-FR","@id":"https:\/\/www.bellemareart.com\/#\/schema\/person\/image\/","url":"https:\/\/www.bellemareart.com\/wp-content\/uploads\/2024\/12\/photo-contact.jpg","contentUrl":"https:\/\/www.bellemareart.com\/wp-content\/uploads\/2024\/12\/photo-contact.jpg","width":750,"height":1000,"caption":"Pierre Bellemare"},"logo":{"@id":"https:\/\/www.bellemareart.com\/#\/schema\/person\/image\/"},"sameAs":["https:\/\/www.instagram.com\/bellemare_art\/"]}]}},"_links":{"self":[{"href":"https:\/\/www.bellemareart.com\/fr\/wp-json\/wp\/v2\/pages\/55","targetHints":{"allow":["GET"]}}],"collection":[{"href":"https:\/\/www.bellemareart.com\/fr\/wp-json\/wp\/v2\/pages"}],"about":[{"href":"https:\/\/www.bellemareart.com\/fr\/wp-json\/wp\/v2\/types\/page"}],"author":[{"embeddable":true,"href":"https:\/\/www.bellemareart.com\/fr\/wp-json\/wp\/v2\/users\/1"}],"replies":[{"embeddable":true,"href":"https:\/\/www.bellemareart.com\/fr\/wp-json\/wp\/v2\/comments?post=55"}],"version-history":[{"count":8,"href":"https:\/\/www.bellemareart.com\/fr\/wp-json\/wp\/v2\/pages\/55\/revisions"}],"predecessor-version":[{"id":4156,"href":"https:\/\/www.bellemareart.com\/fr\/wp-json\/wp\/v2\/pages\/55\/revisions\/4156"}],"wp:attachment":[{"href":"https:\/\/www.bellemareart.com\/fr\/wp-json\/wp\/v2\/media?parent=55"}],"curies":[{"name":"wp","href":"https:\/\/api.w.org\/{rel}","templated":true}]}}