{"id":77,"date":"2024-11-11T23:38:32","date_gmt":"2024-11-11T23:38:32","guid":{"rendered":"https:\/\/jeanrioux.net\/bellemareart\/?page_id=77"},"modified":"2025-04-27T01:53:26","modified_gmt":"2025-04-27T01:53:26","slug":"representation","status":"publish","type":"page","link":"https:\/\/www.bellemareart.com\/fr\/representation\/","title":{"rendered":"Repr\u00e9sentation"},"content":{"rendered":"<p>[et_pb_section fb_built=\u00a0\u00bb1&Prime; _builder_version=\u00a0\u00bb4.27.4&Prime; _module_preset=\u00a0\u00bbdefault\u00a0\u00bb custom_padding=\u00a0\u00bb0px|||||\u00a0\u00bb global_colors_info=\u00a0\u00bb{}\u00a0\u00bb][et_pb_row _builder_version=\u00a0\u00bb4.27.4&Prime; _module_preset=\u00a0\u00bbdefault\u00a0\u00bb background_image=\u00a0\u00bbhttps:\/\/www.bellemareart.com\/wp-content\/uploads\/2024\/12\/representation.jpg\u00a0\u00bb parallax=\u00a0\u00bbon\u00a0\u00bb width=\u00a0\u00bb100%\u00a0\u00bb max_width=\u00a0\u00bbnone\u00a0\u00bb height=\u00a0\u00bb600px\u00a0\u00bb global_colors_info=\u00a0\u00bb{}\u00a0\u00bb][et_pb_column type=\u00a0\u00bb4_4&Prime; _builder_version=\u00a0\u00bb4.27.4&Prime; _module_preset=\u00a0\u00bbdefault\u00a0\u00bb global_colors_info=\u00a0\u00bb{}\u00a0\u00bb][\/et_pb_column][\/et_pb_row][et_pb_row column_structure=\u00a0\u00bb1_2,1_2&Prime; _builder_version=\u00a0\u00bb4.27.4&Prime; _module_preset=\u00a0\u00bbdefault\u00a0\u00bb background_color=\u00a0\u00bb#efefef\u00a0\u00bb width=\u00a0\u00bb100%\u00a0\u00bb max_width=\u00a0\u00bbnone\u00a0\u00bb custom_margin=\u00a0\u00bb-36px|auto||auto|false|false\u00a0\u00bb custom_padding=\u00a0\u00bb|50px|10px|50px|false|false\u00a0\u00bb global_colors_info=\u00a0\u00bb{}\u00a0\u00bb][et_pb_column type=\u00a0\u00bb1_2&Prime; _builder_version=\u00a0\u00bb4.27.4&Prime; _module_preset=\u00a0\u00bbdefault\u00a0\u00bb global_colors_info=\u00a0\u00bb{}\u00a0\u00bb][et_pb_text _builder_version=\u00a0\u00bb4.27.4&Prime; _module_preset=\u00a0\u00bbdefault\u00a0\u00bb background_enable_color=\u00a0\u00bboff\u00a0\u00bb custom_margin=\u00a0\u00bb-12px|||||\u00a0\u00bb global_colors_info=\u00a0\u00bb{}\u00a0\u00bb][\/et_pb_text][\/et_pb_column][et_pb_column type=\u00a0\u00bb1_2&Prime; _builder_version=\u00a0\u00bb4.27.4&Prime; _module_preset=\u00a0\u00bbdefault\u00a0\u00bb global_colors_info=\u00a0\u00bb{}\u00a0\u00bb][et_pb_text _builder_version=\u00a0\u00bb4.27.4&Prime; _module_preset=\u00a0\u00bbdefault\u00a0\u00bb custom_margin=\u00a0\u00bb-6px|||||\u00a0\u00bb global_colors_info=\u00a0\u00bb{}\u00a0\u00bb]<\/p>\n<p style=\"text-align: right;\">Repr\u00e9sentation &#8211; Artiste peintre abstrait<\/p>\n<p>[\/et_pb_text][\/et_pb_column][\/et_pb_row][et_pb_row column_structure=\u00a0\u00bb1_3,1_3,1_3&Prime; _builder_version=\u00a0\u00bb4.27.4&Prime; _module_preset=\u00a0\u00bbdefault\u00a0\u00bb width=\u00a0\u00bb90%\u00a0\u00bb max_width=\u00a0\u00bbnone\u00a0\u00bb global_colors_info=\u00a0\u00bb{}\u00a0\u00bb][et_pb_column type=\u00a0\u00bb1_3&Prime; _builder_version=\u00a0\u00bb4.27.4&Prime; _module_preset=\u00a0\u00bbdefault\u00a0\u00bb global_colors_info=\u00a0\u00bb{}\u00a0\u00bb][et_pb_text _builder_version=\u00a0\u00bb4.27.4&Prime; _module_preset=\u00a0\u00bbdefault\u00a0\u00bb link_option_url=\u00a0\u00bbhttps:\/\/www.bellemareart.com\/portfolio\/\u00a0\u00bb global_colors_info=\u00a0\u00bb{}\u00a0\u00bb]<\/p>\n<div style=\"text-align: center;\"><b>VALL\u00c9E ART CONTEMPORAIN<\/b><\/div>\n<div style=\"text-align: center;\"><span>231 St-Paul Ouest RDC2<\/span><\/div>\n<div style=\"text-align: center;\"><span>Vieux-Montr\u00e9al, Qc<\/span><\/div>\n<div style=\"text-align: center;\"><span>514-503-1413<\/span><\/div>\n<div style=\"text-align: center;\"><a href=\"https:\/\/valleeartcontemporain.com\" target=\"_blank\" data-saferedirecturl=\"https:\/\/www.google.com\/url?q=https:\/\/www.bellemareart.com\/pierre-bellemare-painter-artist-portfolio&amp;source=gmail&amp;ust=1734201198204000&amp;usg=AOvVaw22XhpRxNI0-ABxCmHD94oy\" rel=\"noopener\">valleeartcontemporaint.com<\/a><\/div>\n<p>[\/et_pb_text][\/et_pb_column][et_pb_column type=\u00a0\u00bb1_3&Prime; _builder_version=\u00a0\u00bb4.27.4&Prime; _module_preset=\u00a0\u00bbdefault\u00a0\u00bb global_colors_info=\u00a0\u00bb{}\u00a0\u00bb][et_pb_text _builder_version=\u00a0\u00bb4.27.4&Prime; _module_preset=\u00a0\u00bbdefault\u00a0\u00bb global_colors_info=\u00a0\u00bb{}\u00a0\u00bb]<\/p>\n<p style=\"text-align: center;\"><strong>GALERIE PERREAULT<\/strong><span><\/span><br \/><span>205, rue St-Paul<\/span><br \/><span>Qu\u00e9bec, (Qc)<\/span><br \/><span>418-692-4772<\/span><br \/><a href=\"http:\/\/galerie-perreault.com\/categorie-produit\/artistes-permanents\/pierre-bellemare\/\" target=\"_blank\" rel=\"nofollow noopener\">galerie-perreault.com<\/a><\/p>\n<p>[\/et_pb_text][\/et_pb_column][et_pb_column type=\u00a0\u00bb1_3&Prime; _builder_version=\u00a0\u00bb4.27.4&Prime; _module_preset=\u00a0\u00bbdefault\u00a0\u00bb global_colors_info=\u00a0\u00bb{}\u00a0\u00bb][et_pb_text _builder_version=\u00a0\u00bb4.27.4&Prime; _module_preset=\u00a0\u00bbdefault\u00a0\u00bb global_colors_info=\u00a0\u00bb{}\u00a0\u00bb]<\/p>\n<p style=\"text-align: center;\"><b>ARTIN ART AGENCY<br \/><\/b>Paris &amp; London<br \/><a href=\"https:\/\/www.artin.agency\/\" target=\"_blank\" data-saferedirecturl=\"https:\/\/www.google.com\/url?q=https:\/\/www.artin.agency\/&amp;source=gmail&amp;ust=1734201198204000&amp;usg=AOvVaw1kg3JAaiDWpUiDGELivHs9\" rel=\"noopener\"><span style=\"color: #ff9300;\">www.artin.agency<\/span><\/a><\/p>\n<p>[\/et_pb_text][\/et_pb_column][\/et_pb_row][et_pb_row column_structure=\u00a0\u00bb1_3,1_3,1_3&Prime; _builder_version=\u00a0\u00bb4.27.4&Prime; _module_preset=\u00a0\u00bbdefault\u00a0\u00bb width=\u00a0\u00bb90%\u00a0\u00bb max_width=\u00a0\u00bbnone\u00a0\u00bb global_colors_info=\u00a0\u00bb{}\u00a0\u00bb][et_pb_column type=\u00a0\u00bb1_3&Prime; _builder_version=\u00a0\u00bb4.27.4&Prime; _module_preset=\u00a0\u00bbdefault\u00a0\u00bb global_colors_info=\u00a0\u00bb{}\u00a0\u00bb][\/et_pb_column][et_pb_column type=\u00a0\u00bb1_3&Prime; _builder_version=\u00a0\u00bb4.27.4&Prime; _module_preset=\u00a0\u00bbdefault\u00a0\u00bb global_colors_info=\u00a0\u00bb{}\u00a0\u00bb][\/et_pb_column][et_pb_column type=\u00a0\u00bb1_3&Prime; _builder_version=\u00a0\u00bb4.27.4&Prime; _module_preset=\u00a0\u00bbdefault\u00a0\u00bb global_colors_info=\u00a0\u00bb{}\u00a0\u00bb][\/et_pb_column][\/et_pb_row][\/et_pb_section]<\/p>\n","protected":false},"excerpt":{"rendered":"<p>Repr\u00e9sentation &#8211; Artiste peintre abstraitVALL\u00c9E ART CONTEMPORAIN 231 St-Paul Ouest RDC2 Vieux-Montr\u00e9al, Qc 514-503-1413 valleeartcontemporaint.comGALERIE PERREAULT205, rue St-PaulQu\u00e9bec, (Qc)418-692-4772galerie-perreault.comARTIN ART AGENCYParis &amp; Londonwww.artin.agency<\/p>\n","protected":false},"author":1,"featured_media":0,"parent":0,"menu_order":0,"comment_status":"closed","ping_status":"closed","template":"","meta":{"_et_pb_use_builder":"on","_et_pb_old_content":"","_et_gb_content_width":"","footnotes":""},"class_list":["post-77","page","type-page","status-publish","hentry"],"yoast_head":"<!-- This site is optimized with the Yoast SEO plugin v27.0 - https:\/\/yoast.com\/product\/yoast-seo-wordpress\/ -->\n<title>Repr\u00e9sentation - Pierre Bellemare<\/title>\n<meta name=\"robots\" content=\"index, follow, max-snippet:-1, max-image-preview:large, max-video-preview:-1\" \/>\n<link rel=\"canonical\" href=\"https:\/\/www.bellemareart.com\/fr\/representation\/\" \/>\n<meta property=\"og:locale\" content=\"fr_FR\" \/>\n<meta property=\"og:type\" content=\"article\" \/>\n<meta property=\"og:title\" content=\"Repr\u00e9sentation - Pierre Bellemare\" \/>\n<meta property=\"og:description\" content=\"Repr\u00e9sentation - Artiste peintre abstraitVALL\u00c9E ART CONTEMPORAIN 231 St-Paul Ouest RDC2 Vieux-Montr\u00e9al, Qc 514-503-1413 valleeartcontemporaint.comGALERIE PERREAULT205, rue St-PaulQu\u00e9bec, (Qc)418-692-4772galerie-perreault.comARTIN ART AGENCYParis &amp; Londonwww.artin.agency\" \/>\n<meta property=\"og:url\" content=\"https:\/\/www.bellemareart.com\/fr\/representation\/\" \/>\n<meta property=\"og:site_name\" content=\"Pierre Bellemare\" \/>\n<meta property=\"article:modified_time\" content=\"2025-04-27T01:53:26+00:00\" \/>\n<meta name=\"twitter:card\" content=\"summary_large_image\" \/>\n<meta name=\"twitter:label1\" content=\"Dur\u00e9e de lecture estim\u00e9e\" \/>\n\t<meta name=\"twitter:data1\" content=\"2 minutes\" \/>\n<script type=\"application\/ld+json\" class=\"yoast-schema-graph\">{\"@context\":\"https:\/\/schema.org\",\"@graph\":[{\"@type\":\"WebPage\",\"@id\":\"https:\/\/www.bellemareart.com\/fr\/representation\/\",\"url\":\"https:\/\/www.bellemareart.com\/fr\/representation\/\",\"name\":\"Repr\u00e9sentation - Pierre Bellemare\",\"isPartOf\":{\"@id\":\"https:\/\/www.bellemareart.com\/#website\"},\"datePublished\":\"2024-11-11T23:38:32+00:00\",\"dateModified\":\"2025-04-27T01:53:26+00:00\",\"breadcrumb\":{\"@id\":\"https:\/\/www.bellemareart.com\/fr\/representation\/#breadcrumb\"},\"inLanguage\":\"fr-FR\",\"potentialAction\":[{\"@type\":\"ReadAction\",\"target\":[\"https:\/\/www.bellemareart.com\/fr\/representation\/\"]}]},{\"@type\":\"BreadcrumbList\",\"@id\":\"https:\/\/www.bellemareart.com\/fr\/representation\/#breadcrumb\",\"itemListElement\":[{\"@type\":\"ListItem\",\"position\":1,\"name\":\"Home\",\"item\":\"https:\/\/www.bellemareart.com\/\"},{\"@type\":\"ListItem\",\"position\":2,\"name\":\"Repr\u00e9sentation\"}]},{\"@type\":\"WebSite\",\"@id\":\"https:\/\/www.bellemareart.com\/#website\",\"url\":\"https:\/\/www.bellemareart.com\/\",\"name\":\"Pierre Bellemare - Art Abstrait\",\"description\":\"Artiste peintre\",\"publisher\":{\"@id\":\"https:\/\/www.bellemareart.com\/#\/schema\/person\/52edad8d7db1bc3e7bab550ad97ef6f1\"},\"potentialAction\":[{\"@type\":\"SearchAction\",\"target\":{\"@type\":\"EntryPoint\",\"urlTemplate\":\"https:\/\/www.bellemareart.com\/?s={search_term_string}\"},\"query-input\":{\"@type\":\"PropertyValueSpecification\",\"valueRequired\":true,\"valueName\":\"search_term_string\"}}],\"inLanguage\":\"fr-FR\"},{\"@type\":[\"Person\",\"Organization\"],\"@id\":\"https:\/\/www.bellemareart.com\/#\/schema\/person\/52edad8d7db1bc3e7bab550ad97ef6f1\",\"name\":\"Pierre Bellemare\",\"image\":{\"@type\":\"ImageObject\",\"inLanguage\":\"fr-FR\",\"@id\":\"https:\/\/www.bellemareart.com\/#\/schema\/person\/image\/\",\"url\":\"https:\/\/www.bellemareart.com\/wp-content\/uploads\/2024\/12\/photo-contact.jpg\",\"contentUrl\":\"https:\/\/www.bellemareart.com\/wp-content\/uploads\/2024\/12\/photo-contact.jpg\",\"width\":750,\"height\":1000,\"caption\":\"Pierre Bellemare\"},\"logo\":{\"@id\":\"https:\/\/www.bellemareart.com\/#\/schema\/person\/image\/\"},\"sameAs\":[\"https:\/\/www.instagram.com\/bellemare_art\/\"]}]}<\/script>\n<!-- \/ Yoast SEO plugin. -->","yoast_head_json":{"title":"Repr\u00e9sentation - Pierre Bellemare","robots":{"index":"index","follow":"follow","max-snippet":"max-snippet:-1","max-image-preview":"max-image-preview:large","max-video-preview":"max-video-preview:-1"},"canonical":"https:\/\/www.bellemareart.com\/fr\/representation\/","og_locale":"fr_FR","og_type":"article","og_title":"Repr\u00e9sentation - Pierre Bellemare","og_description":"Repr\u00e9sentation - Artiste peintre abstraitVALL\u00c9E ART CONTEMPORAIN 231 St-Paul Ouest RDC2 Vieux-Montr\u00e9al, Qc 514-503-1413 valleeartcontemporaint.comGALERIE PERREAULT205, rue St-PaulQu\u00e9bec, (Qc)418-692-4772galerie-perreault.comARTIN ART AGENCYParis &amp; Londonwww.artin.agency","og_url":"https:\/\/www.bellemareart.com\/fr\/representation\/","og_site_name":"Pierre Bellemare","article_modified_time":"2025-04-27T01:53:26+00:00","twitter_card":"summary_large_image","twitter_misc":{"Dur\u00e9e de lecture estim\u00e9e":"2 minutes"},"schema":{"@context":"https:\/\/schema.org","@graph":[{"@type":"WebPage","@id":"https:\/\/www.bellemareart.com\/fr\/representation\/","url":"https:\/\/www.bellemareart.com\/fr\/representation\/","name":"Repr\u00e9sentation - Pierre Bellemare","isPartOf":{"@id":"https:\/\/www.bellemareart.com\/#website"},"datePublished":"2024-11-11T23:38:32+00:00","dateModified":"2025-04-27T01:53:26+00:00","breadcrumb":{"@id":"https:\/\/www.bellemareart.com\/fr\/representation\/#breadcrumb"},"inLanguage":"fr-FR","potentialAction":[{"@type":"ReadAction","target":["https:\/\/www.bellemareart.com\/fr\/representation\/"]}]},{"@type":"BreadcrumbList","@id":"https:\/\/www.bellemareart.com\/fr\/representation\/#breadcrumb","itemListElement":[{"@type":"ListItem","position":1,"name":"Home","item":"https:\/\/www.bellemareart.com\/"},{"@type":"ListItem","position":2,"name":"Repr\u00e9sentation"}]},{"@type":"WebSite","@id":"https:\/\/www.bellemareart.com\/#website","url":"https:\/\/www.bellemareart.com\/","name":"Pierre Bellemare - Art Abstrait","description":"Artiste peintre","publisher":{"@id":"https:\/\/www.bellemareart.com\/#\/schema\/person\/52edad8d7db1bc3e7bab550ad97ef6f1"},"potentialAction":[{"@type":"SearchAction","target":{"@type":"EntryPoint","urlTemplate":"https:\/\/www.bellemareart.com\/?s={search_term_string}"},"query-input":{"@type":"PropertyValueSpecification","valueRequired":true,"valueName":"search_term_string"}}],"inLanguage":"fr-FR"},{"@type":["Person","Organization"],"@id":"https:\/\/www.bellemareart.com\/#\/schema\/person\/52edad8d7db1bc3e7bab550ad97ef6f1","name":"Pierre Bellemare","image":{"@type":"ImageObject","inLanguage":"fr-FR","@id":"https:\/\/www.bellemareart.com\/#\/schema\/person\/image\/","url":"https:\/\/www.bellemareart.com\/wp-content\/uploads\/2024\/12\/photo-contact.jpg","contentUrl":"https:\/\/www.bellemareart.com\/wp-content\/uploads\/2024\/12\/photo-contact.jpg","width":750,"height":1000,"caption":"Pierre Bellemare"},"logo":{"@id":"https:\/\/www.bellemareart.com\/#\/schema\/person\/image\/"},"sameAs":["https:\/\/www.instagram.com\/bellemare_art\/"]}]}},"_links":{"self":[{"href":"https:\/\/www.bellemareart.com\/fr\/wp-json\/wp\/v2\/pages\/77","targetHints":{"allow":["GET"]}}],"collection":[{"href":"https:\/\/www.bellemareart.com\/fr\/wp-json\/wp\/v2\/pages"}],"about":[{"href":"https:\/\/www.bellemareart.com\/fr\/wp-json\/wp\/v2\/types\/page"}],"author":[{"embeddable":true,"href":"https:\/\/www.bellemareart.com\/fr\/wp-json\/wp\/v2\/users\/1"}],"replies":[{"embeddable":true,"href":"https:\/\/www.bellemareart.com\/fr\/wp-json\/wp\/v2\/comments?post=77"}],"version-history":[{"count":12,"href":"https:\/\/www.bellemareart.com\/fr\/wp-json\/wp\/v2\/pages\/77\/revisions"}],"predecessor-version":[{"id":3834,"href":"https:\/\/www.bellemareart.com\/fr\/wp-json\/wp\/v2\/pages\/77\/revisions\/3834"}],"wp:attachment":[{"href":"https:\/\/www.bellemareart.com\/fr\/wp-json\/wp\/v2\/media?parent=77"}],"curies":[{"name":"wp","href":"https:\/\/api.w.org\/{rel}","templated":true}]}}